{"id":10,"date":"2020-10-17T22:54:07","date_gmt":"2020-10-17T20:54:07","guid":{"rendered":"http:\/\/yanntrebaol.fr\/ecrivain\/?page_id=10"},"modified":"2020-12-06T23:44:49","modified_gmt":"2020-12-06T22:44:49","slug":"accueil","status":"publish","type":"page","link":"https:\/\/yanntrebaol.fr\/ecrivain\/","title":{"rendered":"Bienvenue sur mon blog \u00ab\u00a0Ecrivain\u00a0\u00bb"},"content":{"rendered":"\t\t<div data-elementor-type=\"wp-page\" data-elementor-id=\"10\" class=\"elementor elementor-10\">\n\t\t\t\t\t\t<section class=\"elementor-section elementor-top-section elementor-element elementor-element-ee7642a elementor-section-boxed elementor-section-height-default elementor-section-height-default\" data-id=\"ee7642a\" data-element_type=\"section\" data-e-type=\"section\">\n\t\t\t\t\t\t<div class=\"elementor-container elementor-column-gap-default\">\n\t\t\t\t\t<div class=\"elementor-column elementor-col-100 elementor-top-column elementor-element elementor-element-b27056c\" data-id=\"b27056c\" data-element_type=\"column\" data-e-type=\"column\">\n\t\t\t<div class=\"elementor-widget-wrap elementor-element-populated\">\n\t\t\t\t\t\t<div class=\"elementor-element elementor-element-339226d elementor-widget elementor-widget-image\" data-id=\"339226d\" data-element_type=\"widget\" data-e-type=\"widget\" data-widget_type=\"image.default\">\n\t\t\t\t<div class=\"elementor-widget-container\">\n\t\t\t\t\t\t\t\t\t\t\t\t<figure class=\"wp-caption\">\n\t\t\t\t\t\t\t\t\t\t<img fetchpriority=\"high\" decoding=\"async\" width=\"644\" height=\"430\" src=\"https:\/\/yanntrebaol.fr\/ecrivain\/wp-content\/uploads\/2020\/12\/book-4032668_1920-1-1024x683.jpg\" class=\"attachment-large size-large wp-image-466\" alt=\"\" srcset=\"https:\/\/yanntrebaol.fr\/ecrivain\/wp-content\/uploads\/2020\/12\/book-4032668_1920-1-1024x683.jpg 1024w, https:\/\/yanntrebaol.fr\/ecrivain\/wp-content\/uploads\/2020\/12\/book-4032668_1920-1-300x200.jpg 300w, https:\/\/yanntrebaol.fr\/ecrivain\/wp-content\/uploads\/2020\/12\/book-4032668_1920-1-768x512.jpg 768w, https:\/\/yanntrebaol.fr\/ecrivain\/wp-content\/uploads\/2020\/12\/book-4032668_1920-1-1536x1024.jpg 1536w, https:\/\/yanntrebaol.fr\/ecrivain\/wp-content\/uploads\/2020\/12\/book-4032668_1920-1.jpg 1920w\" sizes=\"100vw\" \/>\t\t\t\t\t\t\t\t\t\t\t<figcaption class=\"widget-image-caption wp-caption-text\">Image par <a href=\"https:\/\/pixabay.com\/fr\/users\/fotoblend-87167\/?utm_source=link-attribution&amp;utm_medium=referral&amp;utm_campaign=image&amp;utm_content=4032668\">Willfried Wende<\/a> de <a href=\"https:\/\/pixabay.com\/fr\/?utm_source=link-attribution&amp;utm_medium=referral&amp;utm_campaign=image&amp;utm_content=4032668\">Pixabay<\/a><\/figcaption>\n\t\t\t\t\t\t\t\t\t\t<\/figure>\n\t\t\t\t\t\t\t\t\t<\/div>\n\t\t\t\t<\/div>\n\t\t\t\t\t<\/div>\n\t\t<\/div>\n\t\t\t\t\t<\/div>\n\t\t<\/section>\n\t\t\t\t<section class=\"elementor-section elementor-top-section elementor-element elementor-element-d706e83 elementor-section-boxed elementor-section-height-default elementor-section-height-default\" data-id=\"d706e83\" data-element_type=\"section\" data-e-type=\"section\">\n\t\t\t\t\t\t<div class=\"elementor-container elementor-column-gap-default\">\n\t\t\t\t\t<div class=\"elementor-column elementor-col-100 elementor-top-column elementor-element elementor-element-02891bf\" data-id=\"02891bf\" data-element_type=\"column\" data-e-type=\"column\">\n\t\t\t<div class=\"elementor-widget-wrap elementor-element-populated\">\n\t\t\t\t\t\t<div class=\"elementor-element elementor-element-a8fe266 elementor-widget elementor-widget-text-editor\" data-id=\"a8fe266\" data-element_type=\"widget\" data-e-type=\"widget\" data-widget_type=\"text-editor.default\">\n\t\t\t\t<div class=\"elementor-widget-container\">\n\t\t\t\t\t\t\t\t\t<p><strong>Vous y trouverez des anecdotes concernant l&rsquo;\u00e9criture du roman \u00ab\u00a0Par le sang de la louve\u00a0\u00bb mais \u00e9galement quelques facettes de mon univers litt\u00e9raire. J&rsquo;aime lire et j&rsquo;aime \u00e9norm\u00e9ment d&rsquo;auteurs. Cependant, certains m&rsquo;ont marqu\u00e9 plus que d&rsquo;autres et je vous en parlerai. La po\u00e9sie, les fables, les contes, les pi\u00e8ces, mais aussi les romans et les sagas\u2026<\/strong><\/p>\n<p><strong>J&rsquo;esp\u00e8re que vous aurez plaisir \u00e0 parcourir ce blog qui vous r\u00e9serve quelques surprises.<\/strong><\/p>\n<p><strong>Merci d&rsquo;\u00eatre venu jusqu&rsquo;ici, il vous suffit maintenant d&rsquo;en ouvrir les portes.<\/strong><\/p>\n<p><strong>Si derri\u00e8re chacune d&rsquo;entre elles vous ne trouvez pas votre bonheur, soyez curieux et basculez sur mon blog \u00ab\u00a0musicien\u00a0\u00bb pour mieux cerner le personnage multiple que je suis.<\/strong><\/p>\n<p>\u00a0<\/p>\t\t\t\t\t\t\t\t<\/div>\n\t\t\t\t<\/div>\n\t\t\t\t\t<\/div>\n\t\t<\/div>\n\t\t\t\t\t<\/div>\n\t\t<\/section>\n\t\t\t\t<section class=\"elementor-section elementor-top-section elementor-element elementor-element-9a0fe17 elementor-section-boxed elementor-section-height-default elementor-section-height-default\" data-id=\"9a0fe17\" data-element_type=\"section\" data-e-type=\"section\">\n\t\t\t\t\t\t<div class=\"elementor-container elementor-column-gap-default\">\n\t\t\t\t\t<div class=\"elementor-column elementor-col-100 elementor-top-column elementor-element elementor-element-0de1c40\" data-id=\"0de1c40\" data-element_type=\"column\" data-e-type=\"column\">\n\t\t\t<div class=\"elementor-widget-wrap elementor-element-populated\">\n\t\t\t\t\t\t<div class=\"elementor-element elementor-element-62e7d1e elementor-widget elementor-widget-image\" data-id=\"62e7d1e\" data-element_type=\"widget\" data-e-type=\"widget\" data-widget_type=\"image.default\">\n\t\t\t\t<div class=\"elementor-widget-container\">\n\t\t\t\t\t\t\t\t\t\t\t\t<figure class=\"wp-caption\">\n\t\t\t\t\t\t\t\t\t\t<img decoding=\"async\" width=\"644\" height=\"293\" src=\"https:\/\/yanntrebaol.fr\/ecrivain\/wp-content\/uploads\/2020\/12\/music-3607503_1920-1024x466.jpg\" class=\"attachment-large size-large wp-image-470\" alt=\"\" srcset=\"https:\/\/yanntrebaol.fr\/ecrivain\/wp-content\/uploads\/2020\/12\/music-3607503_1920-1024x466.jpg 1024w, https:\/\/yanntrebaol.fr\/ecrivain\/wp-content\/uploads\/2020\/12\/music-3607503_1920-300x137.jpg 300w, https:\/\/yanntrebaol.fr\/ecrivain\/wp-content\/uploads\/2020\/12\/music-3607503_1920-768x350.jpg 768w, https:\/\/yanntrebaol.fr\/ecrivain\/wp-content\/uploads\/2020\/12\/music-3607503_1920-1536x699.jpg 1536w, https:\/\/yanntrebaol.fr\/ecrivain\/wp-content\/uploads\/2020\/12\/music-3607503_1920.jpg 1920w\" sizes=\"100vw\" \/>\t\t\t\t\t\t\t\t\t\t\t<figcaption class=\"widget-image-caption wp-caption-text\">Image de Geralt de Pixmania<\/figcaption>\n\t\t\t\t\t\t\t\t\t\t<\/figure>\n\t\t\t\t\t\t\t\t\t<\/div>\n\t\t\t\t<\/div>\n\t\t\t\t\t<\/div>\n\t\t<\/div>\n\t\t\t\t\t<\/div>\n\t\t<\/section>\n\t\t\t\t<\/div>\n\t\t","protected":false},"excerpt":{"rendered":"<p>Image par Willfried Wende de Pixabay Vous y trouverez des anecdotes concernant l&rsquo;\u00e9criture du roman \u00ab\u00a0Par le sang de la louve\u00a0\u00bb mais \u00e9galement quelques facettes de mon univers litt\u00e9raire. J&rsquo;aime lire et j&rsquo;aime \u00e9norm\u00e9ment d&rsquo;auteurs. Cependant, certains m&rsquo;ont marqu\u00e9 plus que d&rsquo;autres et je vous en parlerai. La po\u00e9sie, les fables, les contes, les pi\u00e8ces, &hellip; <\/p>\n<p class=\"link-more\"><a href=\"https:\/\/yanntrebaol.fr\/ecrivain\/\" class=\"more-link\">Continuer la lecture<span class=\"screen-reader-text\"> de &laquo;&nbsp;Bienvenue sur mon blog \u00ab\u00a0Ecrivain\u00a0\u00bb&nbsp;&raquo;<\/span><\/a><\/p>\n","protected":false},"author":1,"featured_media":0,"parent":0,"menu_order":1,"comment_status":"closed","ping_status":"closed","template":"","meta":{"footnotes":""},"class_list":["post-10","page","type-page","status-publish","hentry"],"yoast_head":"<!-- This site is optimized with the Yoast SEO plugin v27.4 - https:\/\/yoast.com\/product\/yoast-seo-wordpress\/ -->\n<title>Bienvenue sur mon blog &quot;Ecrivain&quot; - Yann TREBAOL - ECRIVAIN<\/title>\n<meta name=\"robots\" content=\"index, follow, max-snippet:-1, max-image-preview:large, max-video-preview:-1\" \/>\n<link rel=\"canonical\" href=\"https:\/\/yanntrebaol.fr\/ecrivain\/\" \/>\n<meta property=\"og:locale\" content=\"fr_FR\" \/>\n<meta property=\"og:type\" content=\"article\" \/>\n<meta property=\"og:title\" content=\"Bienvenue sur mon blog &quot;Ecrivain&quot; - Yann TREBAOL - ECRIVAIN\" \/>\n<meta property=\"og:description\" content=\"Image par Willfried Wende de Pixabay Vous y trouverez des anecdotes concernant l&rsquo;\u00e9criture du roman \u00ab\u00a0Par le sang de la louve\u00a0\u00bb mais \u00e9galement quelques facettes de mon univers litt\u00e9raire. J&rsquo;aime lire et j&rsquo;aime \u00e9norm\u00e9ment d&rsquo;auteurs. Cependant, certains m&rsquo;ont marqu\u00e9 plus que d&rsquo;autres et je vous en parlerai. La po\u00e9sie, les fables, les contes, les pi\u00e8ces, &hellip; Continuer la lecture de &laquo;&nbsp;Bienvenue sur mon blog \u00ab\u00a0Ecrivain\u00a0\u00bb&nbsp;&raquo;\" \/>\n<meta property=\"og:url\" content=\"https:\/\/yanntrebaol.fr\/ecrivain\/\" \/>\n<meta property=\"og:site_name\" content=\"Yann TREBAOL - ECRIVAIN\" \/>\n<meta property=\"article:modified_time\" content=\"2020-12-06T22:44:49+00:00\" \/>\n<meta property=\"og:image\" content=\"http:\/\/yanntrebaol.fr\/ecrivain\/wp-content\/uploads\/2020\/12\/book-4032668_1920-1-1024x683.jpg\" \/>\n<meta name=\"twitter:card\" content=\"summary_large_image\" \/>\n<meta name=\"twitter:label1\" content=\"Dur\u00e9e de lecture estim\u00e9e\" \/>\n\t<meta name=\"twitter:data1\" content=\"1 minute\" \/>\n<script type=\"application\/ld+json\" class=\"yoast-schema-graph\">{\"@context\":\"https:\\\/\\\/schema.org\",\"@graph\":[{\"@type\":\"WebPage\",\"@id\":\"https:\\\/\\\/yanntrebaol.fr\\\/ecrivain\\\/\",\"url\":\"https:\\\/\\\/yanntrebaol.fr\\\/ecrivain\\\/\",\"name\":\"Bienvenue sur mon blog \\\"Ecrivain\\\" - Yann TREBAOL - ECRIVAIN\",\"isPartOf\":{\"@id\":\"https:\\\/\\\/yanntrebaol.fr\\\/ecrivain\\\/#website\"},\"primaryImageOfPage\":{\"@id\":\"https:\\\/\\\/yanntrebaol.fr\\\/ecrivain\\\/#primaryimage\"},\"image\":{\"@id\":\"https:\\\/\\\/yanntrebaol.fr\\\/ecrivain\\\/#primaryimage\"},\"thumbnailUrl\":\"http:\\\/\\\/yanntrebaol.fr\\\/ecrivain\\\/wp-content\\\/uploads\\\/2020\\\/12\\\/book-4032668_1920-1-1024x683.jpg\",\"datePublished\":\"2020-10-17T20:54:07+00:00\",\"dateModified\":\"2020-12-06T22:44:49+00:00\",\"breadcrumb\":{\"@id\":\"https:\\\/\\\/yanntrebaol.fr\\\/ecrivain\\\/#breadcrumb\"},\"inLanguage\":\"fr-FR\",\"potentialAction\":[{\"@type\":\"ReadAction\",\"target\":[\"https:\\\/\\\/yanntrebaol.fr\\\/ecrivain\\\/\"]}]},{\"@type\":\"ImageObject\",\"inLanguage\":\"fr-FR\",\"@id\":\"https:\\\/\\\/yanntrebaol.fr\\\/ecrivain\\\/#primaryimage\",\"url\":\"https:\\\/\\\/yanntrebaol.fr\\\/ecrivain\\\/wp-content\\\/uploads\\\/2020\\\/12\\\/book-4032668_1920-1.jpg\",\"contentUrl\":\"https:\\\/\\\/yanntrebaol.fr\\\/ecrivain\\\/wp-content\\\/uploads\\\/2020\\\/12\\\/book-4032668_1920-1.jpg\",\"width\":1920,\"height\":1280},{\"@type\":\"BreadcrumbList\",\"@id\":\"https:\\\/\\\/yanntrebaol.fr\\\/ecrivain\\\/#breadcrumb\",\"itemListElement\":[{\"@type\":\"ListItem\",\"position\":1,\"name\":\"Accueil\",\"item\":\"https:\\\/\\\/yanntrebaol.fr\\\/ecrivain\\\/\"},{\"@type\":\"ListItem\",\"position\":2,\"name\":\"Bienvenue sur mon blog \u00ab\u00a0Ecrivain\u00a0\u00bb\"}]},{\"@type\":\"WebSite\",\"@id\":\"https:\\\/\\\/yanntrebaol.fr\\\/ecrivain\\\/#website\",\"url\":\"https:\\\/\\\/yanntrebaol.fr\\\/ecrivain\\\/\",\"name\":\"Yann TREBAOL - ECRIVAIN\",\"description\":\"Un Blog de partage tout simplement ...\",\"potentialAction\":[{\"@type\":\"SearchAction\",\"target\":{\"@type\":\"EntryPoint\",\"urlTemplate\":\"https:\\\/\\\/yanntrebaol.fr\\\/ecrivain\\\/?s={search_term_string}\"},\"query-input\":{\"@type\":\"PropertyValueSpecification\",\"valueRequired\":true,\"valueName\":\"search_term_string\"}}],\"inLanguage\":\"fr-FR\"}]}<\/script>\n<!-- \/ Yoast SEO plugin. -->","yoast_head_json":{"title":"Bienvenue sur mon blog \"Ecrivain\" - Yann TREBAOL - ECRIVAIN","robots":{"index":"index","follow":"follow","max-snippet":"max-snippet:-1","max-image-preview":"max-image-preview:large","max-video-preview":"max-video-preview:-1"},"canonical":"https:\/\/yanntrebaol.fr\/ecrivain\/","og_locale":"fr_FR","og_type":"article","og_title":"Bienvenue sur mon blog \"Ecrivain\" - Yann TREBAOL - ECRIVAIN","og_description":"Image par Willfried Wende de Pixabay Vous y trouverez des anecdotes concernant l&rsquo;\u00e9criture du roman \u00ab\u00a0Par le sang de la louve\u00a0\u00bb mais \u00e9galement quelques facettes de mon univers litt\u00e9raire. J&rsquo;aime lire et j&rsquo;aime \u00e9norm\u00e9ment d&rsquo;auteurs. Cependant, certains m&rsquo;ont marqu\u00e9 plus que d&rsquo;autres et je vous en parlerai. La po\u00e9sie, les fables, les contes, les pi\u00e8ces, &hellip; Continuer la lecture de &laquo;&nbsp;Bienvenue sur mon blog \u00ab\u00a0Ecrivain\u00a0\u00bb&nbsp;&raquo;","og_url":"https:\/\/yanntrebaol.fr\/ecrivain\/","og_site_name":"Yann TREBAOL - ECRIVAIN","article_modified_time":"2020-12-06T22:44:49+00:00","og_image":[{"url":"http:\/\/yanntrebaol.fr\/ecrivain\/wp-content\/uploads\/2020\/12\/book-4032668_1920-1-1024x683.jpg","type":"","width":"","height":""}],"twitter_card":"summary_large_image","twitter_misc":{"Dur\u00e9e de lecture estim\u00e9e":"1 minute"},"schema":{"@context":"https:\/\/schema.org","@graph":[{"@type":"WebPage","@id":"https:\/\/yanntrebaol.fr\/ecrivain\/","url":"https:\/\/yanntrebaol.fr\/ecrivain\/","name":"Bienvenue sur mon blog \"Ecrivain\" - Yann TREBAOL - ECRIVAIN","isPartOf":{"@id":"https:\/\/yanntrebaol.fr\/ecrivain\/#website"},"primaryImageOfPage":{"@id":"https:\/\/yanntrebaol.fr\/ecrivain\/#primaryimage"},"image":{"@id":"https:\/\/yanntrebaol.fr\/ecrivain\/#primaryimage"},"thumbnailUrl":"http:\/\/yanntrebaol.fr\/ecrivain\/wp-content\/uploads\/2020\/12\/book-4032668_1920-1-1024x683.jpg","datePublished":"2020-10-17T20:54:07+00:00","dateModified":"2020-12-06T22:44:49+00:00","breadcrumb":{"@id":"https:\/\/yanntrebaol.fr\/ecrivain\/#breadcrumb"},"inLanguage":"fr-FR","potentialAction":[{"@type":"ReadAction","target":["https:\/\/yanntrebaol.fr\/ecrivain\/"]}]},{"@type":"ImageObject","inLanguage":"fr-FR","@id":"https:\/\/yanntrebaol.fr\/ecrivain\/#primaryimage","url":"https:\/\/yanntrebaol.fr\/ecrivain\/wp-content\/uploads\/2020\/12\/book-4032668_1920-1.jpg","contentUrl":"https:\/\/yanntrebaol.fr\/ecrivain\/wp-content\/uploads\/2020\/12\/book-4032668_1920-1.jpg","width":1920,"height":1280},{"@type":"BreadcrumbList","@id":"https:\/\/yanntrebaol.fr\/ecrivain\/#breadcrumb","itemListElement":[{"@type":"ListItem","position":1,"name":"Accueil","item":"https:\/\/yanntrebaol.fr\/ecrivain\/"},{"@type":"ListItem","position":2,"name":"Bienvenue sur mon blog \u00ab\u00a0Ecrivain\u00a0\u00bb"}]},{"@type":"WebSite","@id":"https:\/\/yanntrebaol.fr\/ecrivain\/#website","url":"https:\/\/yanntrebaol.fr\/ecrivain\/","name":"Yann TREBAOL - ECRIVAIN","description":"Un Blog de partage tout simplement ...","potentialAction":[{"@type":"SearchAction","target":{"@type":"EntryPoint","urlTemplate":"https:\/\/yanntrebaol.fr\/ecrivain\/?s={search_term_string}"},"query-input":{"@type":"PropertyValueSpecification","valueRequired":true,"valueName":"search_term_string"}}],"inLanguage":"fr-FR"}]}},"_links":{"self":[{"href":"https:\/\/yanntrebaol.fr\/ecrivain\/index.php\/wp-json\/wp\/v2\/pages\/10","targetHints":{"allow":["GET"]}}],"collection":[{"href":"https:\/\/yanntrebaol.fr\/ecrivain\/index.php\/wp-json\/wp\/v2\/pages"}],"about":[{"href":"https:\/\/yanntrebaol.fr\/ecrivain\/index.php\/wp-json\/wp\/v2\/types\/page"}],"author":[{"embeddable":true,"href":"https:\/\/yanntrebaol.fr\/ecrivain\/index.php\/wp-json\/wp\/v2\/users\/1"}],"replies":[{"embeddable":true,"href":"https:\/\/yanntrebaol.fr\/ecrivain\/index.php\/wp-json\/wp\/v2\/comments?post=10"}],"version-history":[{"count":22,"href":"https:\/\/yanntrebaol.fr\/ecrivain\/index.php\/wp-json\/wp\/v2\/pages\/10\/revisions"}],"predecessor-version":[{"id":473,"href":"https:\/\/yanntrebaol.fr\/ecrivain\/index.php\/wp-json\/wp\/v2\/pages\/10\/revisions\/473"}],"wp:attachment":[{"href":"https:\/\/yanntrebaol.fr\/ecrivain\/index.php\/wp-json\/wp\/v2\/media?parent=10"}],"curies":[{"name":"wp","href":"https:\/\/api.w.org\/{rel}","templated":true}]}}