{"id":243,"date":"2020-10-23T17:11:11","date_gmt":"2020-10-23T15:11:11","guid":{"rendered":"http:\/\/yanntrebaol.fr\/ecrivain\/?page_id=243"},"modified":"2020-12-18T18:39:42","modified_gmt":"2020-12-18T17:39:42","slug":"a-propos-de-yann-trebaol","status":"publish","type":"page","link":"https:\/\/yanntrebaol.fr\/ecrivain\/index.php\/a-propos-de-yann-trebaol\/","title":{"rendered":"A Propos de Yann TREBAOL"},"content":{"rendered":"\t\t<div data-elementor-type=\"wp-page\" data-elementor-id=\"243\" class=\"elementor elementor-243\">\n\t\t\t\t\t\t<section class=\"elementor-section elementor-top-section elementor-element elementor-element-16d6f422 elementor-section-boxed elementor-section-height-default elementor-section-height-default\" data-id=\"16d6f422\" data-element_type=\"section\" data-e-type=\"section\">\n\t\t\t\t\t\t<div class=\"elementor-container elementor-column-gap-default\">\n\t\t\t\t\t<div class=\"elementor-column elementor-col-100 elementor-top-column elementor-element elementor-element-43a9c2f9\" data-id=\"43a9c2f9\" data-element_type=\"column\" data-e-type=\"column\">\n\t\t\t<div class=\"elementor-widget-wrap elementor-element-populated\">\n\t\t\t\t\t\t<div class=\"elementor-element elementor-element-6d7faffc elementor-widget elementor-widget-text-editor\" data-id=\"6d7faffc\" data-element_type=\"widget\" data-e-type=\"widget\" data-widget_type=\"text-editor.default\">\n\t\t\t\t<div class=\"elementor-widget-container\">\n\t\t\t\t\t\t\t\t\t\n<figure class=\"wp-block-image size-large is-resized\"><img fetchpriority=\"high\" decoding=\"async\" class=\"wp-image-156\" src=\"http:\/\/yanntrebaol.fr\/ecrivain\/wp-content\/uploads\/2020\/10\/buckled-book-2180047_1280.jpg\" alt=\"\" width=\"414\" height=\"233\" \/>\n<figcaption><em>Image par Ivan Tamas de Pixabay<\/em><\/figcaption>\n<\/figure>\n\n<p><em>Nord finist\u00e9rien n\u00e9 en 1959, je suis mari\u00e9 et p\u00e8re de deux grandes filles. Je suis conseiller ind\u00e9pendant dans ma SARL de gestion situ\u00e9e dans mon village de Saint-Mandrier-sur-Mer dans le Var. <\/em><\/p>\n<p><em>Auteur-compositeur-interpr\u00e8te de musique, j\u2019ai enregistr\u00e9 une chanson intitul\u00e9e \u00ab BOADICEE \u00bb.<\/em><\/p>\n<p><em> Je suis fascin\u00e9 par cette histoire qui nous a \u00e9t\u00e9 racont\u00e9e par l\u2019historien romain Tacite dans ses Annales XIV, 29-37 et qui s\u2019est d\u00e9roul\u00e9e il y a presque deux mille ans. <\/em><\/p>\n<p><em>Je voulais dresser un portrait de cette reine celte, afin que les auditeurs comprennent davantage le sens des paroles de la chanson\u2026 J\u2019ai donc commenc\u00e9 par \u00e9crire un r\u00e9sum\u00e9, qui s&rsquo;est finalement transform\u00e9 en roman. <\/em><\/p>\n<p><em>En termes de synth\u00e9tisation, je pouvais s\u00fbrement mieux faire ! <\/em><\/p>\n<p><em>Par le sang de la louve est mon premier roman.<\/em><\/p>\n\n<figure class=\"wp-block-image size-large is-resized\"><img decoding=\"async\" class=\"wp-image-105\" src=\"http:\/\/yanntrebaol.fr\/ecrivain\/wp-content\/uploads\/2020\/10\/wolf-2043464_1280.jpg\" alt=\"\" width=\"500\" height=\"281\" \/><\/figure>\n<p>Image de Elias Sch de Pixabay<\/p>\n\t\t\t\t\t\t\t\t<\/div>\n\t\t\t\t<\/div>\n\t\t\t\t\t<\/div>\n\t\t<\/div>\n\t\t\t\t\t<\/div>\n\t\t<\/section>\n\t\t\t\t<section class=\"elementor-section elementor-top-section elementor-element elementor-element-9c4e1ae elementor-section-boxed elementor-section-height-default elementor-section-height-default\" data-id=\"9c4e1ae\" data-element_type=\"section\" data-e-type=\"section\">\n\t\t\t\t\t\t<div class=\"elementor-container elementor-column-gap-default\">\n\t\t\t\t\t<div class=\"elementor-column elementor-col-100 elementor-top-column elementor-element elementor-element-96fdd61\" data-id=\"96fdd61\" data-element_type=\"column\" data-e-type=\"column\">\n\t\t\t<div class=\"elementor-widget-wrap elementor-element-populated\">\n\t\t\t\t\t\t<div class=\"elementor-element elementor-element-7beb0ce elementor-widget elementor-widget-image\" data-id=\"7beb0ce\" data-element_type=\"widget\" data-e-type=\"widget\" data-widget_type=\"image.default\">\n\t\t\t\t<div class=\"elementor-widget-container\">\n\t\t\t\t\t\t\t\t\t\t\t\t\t\t\t<img decoding=\"async\" width=\"740\" height=\"555\" src=\"https:\/\/yanntrebaol.fr\/ecrivain\/wp-content\/uploads\/2020\/12\/IMG_1496-1024x768.jpg\" class=\"attachment-large size-large wp-image-440\" alt=\"\" srcset=\"https:\/\/yanntrebaol.fr\/ecrivain\/wp-content\/uploads\/2020\/12\/IMG_1496-1024x768.jpg 1024w, https:\/\/yanntrebaol.fr\/ecrivain\/wp-content\/uploads\/2020\/12\/IMG_1496-300x225.jpg 300w, https:\/\/yanntrebaol.fr\/ecrivain\/wp-content\/uploads\/2020\/12\/IMG_1496-768x576.jpg 768w, https:\/\/yanntrebaol.fr\/ecrivain\/wp-content\/uploads\/2020\/12\/IMG_1496-1536x1152.jpg 1536w, https:\/\/yanntrebaol.fr\/ecrivain\/wp-content\/uploads\/2020\/12\/IMG_1496-2048x1536.jpg 2048w\" sizes=\"100vw\" \/>\t\t\t\t\t\t\t\t\t\t\t\t\t\t\t<\/div>\n\t\t\t\t<\/div>\n\t\t\t\t\t<\/div>\n\t\t<\/div>\n\t\t\t\t\t<\/div>\n\t\t<\/section>\n\t\t\t\t<\/div>\n\t\t","protected":false},"excerpt":{"rendered":"<p>Nord finist\u00e9rien n\u00e9 en 1959, je suis mari\u00e9 et p\u00e8re de deux grandes filles. Je suis conseiller ind\u00e9pendant dans ma SARL de gestion situ\u00e9e dans mon village de Saint-Mandrier-sur-Mer dans le Var. Auteur-compositeur-interpr\u00e8te de musique, j\u2019ai enregistr\u00e9 une chanson intitul\u00e9e \u00ab BOADICEE \u00bb. Je suis fascin\u00e9 par cette histoire qui nous a \u00e9t\u00e9 racont\u00e9e par &hellip; <\/p>\n<p class=\"link-more\"><a href=\"https:\/\/yanntrebaol.fr\/ecrivain\/index.php\/a-propos-de-yann-trebaol\/\" class=\"more-link\">Continuer la lecture<span class=\"screen-reader-text\"> de &laquo;&nbsp;A Propos de Yann TREBAOL&nbsp;&raquo;<\/span><\/a><\/p>\n","protected":false},"author":1,"featured_media":0,"parent":0,"menu_order":1,"comment_status":"closed","ping_status":"closed","template":"","meta":{"footnotes":""},"class_list":["post-243","page","type-page","status-publish","hentry"],"yoast_head":"<!-- This site is optimized with the Yoast SEO plugin v27.4 - https:\/\/yoast.com\/product\/yoast-seo-wordpress\/ -->\n<title>A Propos de Yann TREBAOL - Yann TREBAOL - ECRIVAIN<\/title>\n<meta name=\"robots\" content=\"index, follow, max-snippet:-1, max-image-preview:large, max-video-preview:-1\" \/>\n<link rel=\"canonical\" href=\"https:\/\/yanntrebaol.fr\/ecrivain\/index.php\/a-propos-de-yann-trebaol\/\" \/>\n<meta property=\"og:locale\" content=\"fr_FR\" \/>\n<meta property=\"og:type\" content=\"article\" \/>\n<meta property=\"og:title\" content=\"A Propos de Yann TREBAOL - Yann TREBAOL - ECRIVAIN\" \/>\n<meta property=\"og:description\" content=\"Nord finist\u00e9rien n\u00e9 en 1959, je suis mari\u00e9 et p\u00e8re de deux grandes filles. Je suis conseiller ind\u00e9pendant dans ma SARL de gestion situ\u00e9e dans mon village de Saint-Mandrier-sur-Mer dans le Var. Auteur-compositeur-interpr\u00e8te de musique, j\u2019ai enregistr\u00e9 une chanson intitul\u00e9e \u00ab BOADICEE \u00bb. Je suis fascin\u00e9 par cette histoire qui nous a \u00e9t\u00e9 racont\u00e9e par &hellip; Continuer la lecture de &laquo;&nbsp;A Propos de Yann TREBAOL&nbsp;&raquo;\" \/>\n<meta property=\"og:url\" content=\"https:\/\/yanntrebaol.fr\/ecrivain\/index.php\/a-propos-de-yann-trebaol\/\" \/>\n<meta property=\"og:site_name\" content=\"Yann TREBAOL - ECRIVAIN\" \/>\n<meta property=\"article:modified_time\" content=\"2020-12-18T17:39:42+00:00\" \/>\n<meta property=\"og:image\" content=\"http:\/\/yanntrebaol.fr\/ecrivain\/wp-content\/uploads\/2020\/10\/buckled-book-2180047_1280.jpg\" \/>\n<meta name=\"twitter:card\" content=\"summary_large_image\" \/>\n<meta name=\"twitter:label1\" content=\"Dur\u00e9e de lecture estim\u00e9e\" \/>\n\t<meta name=\"twitter:data1\" content=\"1 minute\" \/>\n<script type=\"application\/ld+json\" class=\"yoast-schema-graph\">{\"@context\":\"https:\\\/\\\/schema.org\",\"@graph\":[{\"@type\":\"WebPage\",\"@id\":\"https:\\\/\\\/yanntrebaol.fr\\\/ecrivain\\\/index.php\\\/a-propos-de-yann-trebaol\\\/\",\"url\":\"https:\\\/\\\/yanntrebaol.fr\\\/ecrivain\\\/index.php\\\/a-propos-de-yann-trebaol\\\/\",\"name\":\"A Propos de Yann TREBAOL - Yann TREBAOL - ECRIVAIN\",\"isPartOf\":{\"@id\":\"https:\\\/\\\/yanntrebaol.fr\\\/ecrivain\\\/#website\"},\"primaryImageOfPage\":{\"@id\":\"https:\\\/\\\/yanntrebaol.fr\\\/ecrivain\\\/index.php\\\/a-propos-de-yann-trebaol\\\/#primaryimage\"},\"image\":{\"@id\":\"https:\\\/\\\/yanntrebaol.fr\\\/ecrivain\\\/index.php\\\/a-propos-de-yann-trebaol\\\/#primaryimage\"},\"thumbnailUrl\":\"http:\\\/\\\/yanntrebaol.fr\\\/ecrivain\\\/wp-content\\\/uploads\\\/2020\\\/10\\\/buckled-book-2180047_1280.jpg\",\"datePublished\":\"2020-10-23T15:11:11+00:00\",\"dateModified\":\"2020-12-18T17:39:42+00:00\",\"breadcrumb\":{\"@id\":\"https:\\\/\\\/yanntrebaol.fr\\\/ecrivain\\\/index.php\\\/a-propos-de-yann-trebaol\\\/#breadcrumb\"},\"inLanguage\":\"fr-FR\",\"potentialAction\":[{\"@type\":\"ReadAction\",\"target\":[\"https:\\\/\\\/yanntrebaol.fr\\\/ecrivain\\\/index.php\\\/a-propos-de-yann-trebaol\\\/\"]}]},{\"@type\":\"ImageObject\",\"inLanguage\":\"fr-FR\",\"@id\":\"https:\\\/\\\/yanntrebaol.fr\\\/ecrivain\\\/index.php\\\/a-propos-de-yann-trebaol\\\/#primaryimage\",\"url\":\"https:\\\/\\\/yanntrebaol.fr\\\/ecrivain\\\/wp-content\\\/uploads\\\/2020\\\/10\\\/buckled-book-2180047_1280.jpg\",\"contentUrl\":\"https:\\\/\\\/yanntrebaol.fr\\\/ecrivain\\\/wp-content\\\/uploads\\\/2020\\\/10\\\/buckled-book-2180047_1280.jpg\",\"width\":1280,\"height\":720},{\"@type\":\"BreadcrumbList\",\"@id\":\"https:\\\/\\\/yanntrebaol.fr\\\/ecrivain\\\/index.php\\\/a-propos-de-yann-trebaol\\\/#breadcrumb\",\"itemListElement\":[{\"@type\":\"ListItem\",\"position\":1,\"name\":\"Accueil\",\"item\":\"https:\\\/\\\/yanntrebaol.fr\\\/ecrivain\\\/\"},{\"@type\":\"ListItem\",\"position\":2,\"name\":\"A Propos de Yann TREBAOL\"}]},{\"@type\":\"WebSite\",\"@id\":\"https:\\\/\\\/yanntrebaol.fr\\\/ecrivain\\\/#website\",\"url\":\"https:\\\/\\\/yanntrebaol.fr\\\/ecrivain\\\/\",\"name\":\"Yann TREBAOL - ECRIVAIN\",\"description\":\"Un Blog de partage tout simplement ...\",\"potentialAction\":[{\"@type\":\"SearchAction\",\"target\":{\"@type\":\"EntryPoint\",\"urlTemplate\":\"https:\\\/\\\/yanntrebaol.fr\\\/ecrivain\\\/?s={search_term_string}\"},\"query-input\":{\"@type\":\"PropertyValueSpecification\",\"valueRequired\":true,\"valueName\":\"search_term_string\"}}],\"inLanguage\":\"fr-FR\"}]}<\/script>\n<!-- \/ Yoast SEO plugin. -->","yoast_head_json":{"title":"A Propos de Yann TREBAOL - Yann TREBAOL - ECRIVAIN","robots":{"index":"index","follow":"follow","max-snippet":"max-snippet:-1","max-image-preview":"max-image-preview:large","max-video-preview":"max-video-preview:-1"},"canonical":"https:\/\/yanntrebaol.fr\/ecrivain\/index.php\/a-propos-de-yann-trebaol\/","og_locale":"fr_FR","og_type":"article","og_title":"A Propos de Yann TREBAOL - Yann TREBAOL - ECRIVAIN","og_description":"Nord finist\u00e9rien n\u00e9 en 1959, je suis mari\u00e9 et p\u00e8re de deux grandes filles. Je suis conseiller ind\u00e9pendant dans ma SARL de gestion situ\u00e9e dans mon village de Saint-Mandrier-sur-Mer dans le Var. Auteur-compositeur-interpr\u00e8te de musique, j\u2019ai enregistr\u00e9 une chanson intitul\u00e9e \u00ab BOADICEE \u00bb. Je suis fascin\u00e9 par cette histoire qui nous a \u00e9t\u00e9 racont\u00e9e par &hellip; Continuer la lecture de &laquo;&nbsp;A Propos de Yann TREBAOL&nbsp;&raquo;","og_url":"https:\/\/yanntrebaol.fr\/ecrivain\/index.php\/a-propos-de-yann-trebaol\/","og_site_name":"Yann TREBAOL - ECRIVAIN","article_modified_time":"2020-12-18T17:39:42+00:00","og_image":[{"url":"http:\/\/yanntrebaol.fr\/ecrivain\/wp-content\/uploads\/2020\/10\/buckled-book-2180047_1280.jpg","type":"","width":"","height":""}],"twitter_card":"summary_large_image","twitter_misc":{"Dur\u00e9e de lecture estim\u00e9e":"1 minute"},"schema":{"@context":"https:\/\/schema.org","@graph":[{"@type":"WebPage","@id":"https:\/\/yanntrebaol.fr\/ecrivain\/index.php\/a-propos-de-yann-trebaol\/","url":"https:\/\/yanntrebaol.fr\/ecrivain\/index.php\/a-propos-de-yann-trebaol\/","name":"A Propos de Yann TREBAOL - Yann TREBAOL - ECRIVAIN","isPartOf":{"@id":"https:\/\/yanntrebaol.fr\/ecrivain\/#website"},"primaryImageOfPage":{"@id":"https:\/\/yanntrebaol.fr\/ecrivain\/index.php\/a-propos-de-yann-trebaol\/#primaryimage"},"image":{"@id":"https:\/\/yanntrebaol.fr\/ecrivain\/index.php\/a-propos-de-yann-trebaol\/#primaryimage"},"thumbnailUrl":"http:\/\/yanntrebaol.fr\/ecrivain\/wp-content\/uploads\/2020\/10\/buckled-book-2180047_1280.jpg","datePublished":"2020-10-23T15:11:11+00:00","dateModified":"2020-12-18T17:39:42+00:00","breadcrumb":{"@id":"https:\/\/yanntrebaol.fr\/ecrivain\/index.php\/a-propos-de-yann-trebaol\/#breadcrumb"},"inLanguage":"fr-FR","potentialAction":[{"@type":"ReadAction","target":["https:\/\/yanntrebaol.fr\/ecrivain\/index.php\/a-propos-de-yann-trebaol\/"]}]},{"@type":"ImageObject","inLanguage":"fr-FR","@id":"https:\/\/yanntrebaol.fr\/ecrivain\/index.php\/a-propos-de-yann-trebaol\/#primaryimage","url":"https:\/\/yanntrebaol.fr\/ecrivain\/wp-content\/uploads\/2020\/10\/buckled-book-2180047_1280.jpg","contentUrl":"https:\/\/yanntrebaol.fr\/ecrivain\/wp-content\/uploads\/2020\/10\/buckled-book-2180047_1280.jpg","width":1280,"height":720},{"@type":"BreadcrumbList","@id":"https:\/\/yanntrebaol.fr\/ecrivain\/index.php\/a-propos-de-yann-trebaol\/#breadcrumb","itemListElement":[{"@type":"ListItem","position":1,"name":"Accueil","item":"https:\/\/yanntrebaol.fr\/ecrivain\/"},{"@type":"ListItem","position":2,"name":"A Propos de Yann TREBAOL"}]},{"@type":"WebSite","@id":"https:\/\/yanntrebaol.fr\/ecrivain\/#website","url":"https:\/\/yanntrebaol.fr\/ecrivain\/","name":"Yann TREBAOL - ECRIVAIN","description":"Un Blog de partage tout simplement ...","potentialAction":[{"@type":"SearchAction","target":{"@type":"EntryPoint","urlTemplate":"https:\/\/yanntrebaol.fr\/ecrivain\/?s={search_term_string}"},"query-input":{"@type":"PropertyValueSpecification","valueRequired":true,"valueName":"search_term_string"}}],"inLanguage":"fr-FR"}]}},"_links":{"self":[{"href":"https:\/\/yanntrebaol.fr\/ecrivain\/index.php\/wp-json\/wp\/v2\/pages\/243","targetHints":{"allow":["GET"]}}],"collection":[{"href":"https:\/\/yanntrebaol.fr\/ecrivain\/index.php\/wp-json\/wp\/v2\/pages"}],"about":[{"href":"https:\/\/yanntrebaol.fr\/ecrivain\/index.php\/wp-json\/wp\/v2\/types\/page"}],"author":[{"embeddable":true,"href":"https:\/\/yanntrebaol.fr\/ecrivain\/index.php\/wp-json\/wp\/v2\/users\/1"}],"replies":[{"embeddable":true,"href":"https:\/\/yanntrebaol.fr\/ecrivain\/index.php\/wp-json\/wp\/v2\/comments?post=243"}],"version-history":[{"count":9,"href":"https:\/\/yanntrebaol.fr\/ecrivain\/index.php\/wp-json\/wp\/v2\/pages\/243\/revisions"}],"predecessor-version":[{"id":578,"href":"https:\/\/yanntrebaol.fr\/ecrivain\/index.php\/wp-json\/wp\/v2\/pages\/243\/revisions\/578"}],"wp:attachment":[{"href":"https:\/\/yanntrebaol.fr\/ecrivain\/index.php\/wp-json\/wp\/v2\/media?parent=243"}],"curies":[{"name":"wp","href":"https:\/\/api.w.org\/{rel}","templated":true}]}}