{"id":32,"date":"2020-10-18T15:23:49","date_gmt":"2020-10-18T13:23:49","guid":{"rendered":"http:\/\/yanntrebaol.fr\/ecrivain\/?page_id=32"},"modified":"2020-12-17T23:42:39","modified_gmt":"2020-12-17T22:42:39","slug":"mes-auteurs-preferes","status":"publish","type":"page","link":"https:\/\/yanntrebaol.fr\/ecrivain\/index.php\/mes-auteurs-preferes\/","title":{"rendered":"Mes auteurs pr\u00e9f\u00e9r\u00e9s"},"content":{"rendered":"\t\t<div data-elementor-type=\"wp-page\" data-elementor-id=\"32\" class=\"elementor elementor-32\">\n\t\t\t\t\t\t<section class=\"elementor-section elementor-top-section elementor-element elementor-element-b0e376b elementor-section-boxed elementor-section-height-default elementor-section-height-default\" data-id=\"b0e376b\" data-element_type=\"section\" data-e-type=\"section\">\n\t\t\t\t\t\t<div class=\"elementor-container elementor-column-gap-default\">\n\t\t\t\t\t<div class=\"elementor-column elementor-col-100 elementor-top-column elementor-element elementor-element-1a2a596\" data-id=\"1a2a596\" data-element_type=\"column\" data-e-type=\"column\">\n\t\t\t<div class=\"elementor-widget-wrap elementor-element-populated\">\n\t\t\t\t\t\t<div class=\"elementor-element elementor-element-c79a94d elementor-widget elementor-widget-image\" data-id=\"c79a94d\" data-element_type=\"widget\" data-e-type=\"widget\" data-widget_type=\"image.default\">\n\t\t\t\t<div class=\"elementor-widget-container\">\n\t\t\t\t\t\t\t\t\t\t\t\t\t\t\t<img fetchpriority=\"high\" decoding=\"async\" width=\"740\" height=\"424\" src=\"https:\/\/yanntrebaol.fr\/ecrivain\/wp-content\/uploads\/2020\/12\/book-1659717_1920-1024x587.jpg\" class=\"attachment-large size-large wp-image-423\" alt=\"\" srcset=\"https:\/\/yanntrebaol.fr\/ecrivain\/wp-content\/uploads\/2020\/12\/book-1659717_1920-1024x587.jpg 1024w, https:\/\/yanntrebaol.fr\/ecrivain\/wp-content\/uploads\/2020\/12\/book-1659717_1920-300x172.jpg 300w, https:\/\/yanntrebaol.fr\/ecrivain\/wp-content\/uploads\/2020\/12\/book-1659717_1920-768x440.jpg 768w, https:\/\/yanntrebaol.fr\/ecrivain\/wp-content\/uploads\/2020\/12\/book-1659717_1920-1536x881.jpg 1536w, https:\/\/yanntrebaol.fr\/ecrivain\/wp-content\/uploads\/2020\/12\/book-1659717_1920.jpg 1920w\" sizes=\"100vw\" \/>\t\t\t\t\t\t\t\t\t\t\t\t\t\t\t<\/div>\n\t\t\t\t<\/div>\n\t\t\t\t\t<\/div>\n\t\t<\/div>\n\t\t\t\t\t<\/div>\n\t\t<\/section>\n\t\t\t\t<section class=\"elementor-section elementor-top-section elementor-element elementor-element-451ccea elementor-section-boxed elementor-section-height-default elementor-section-height-default\" data-id=\"451ccea\" data-element_type=\"section\" data-e-type=\"section\">\n\t\t\t\t\t\t<div class=\"elementor-container elementor-column-gap-default\">\n\t\t\t\t\t<div class=\"elementor-column elementor-col-100 elementor-top-column elementor-element elementor-element-9695df6\" data-id=\"9695df6\" data-element_type=\"column\" data-e-type=\"column\">\n\t\t\t<div class=\"elementor-widget-wrap elementor-element-populated\">\n\t\t\t\t\t\t<div class=\"elementor-element elementor-element-5e73451 elementor-widget elementor-widget-text-editor\" data-id=\"5e73451\" data-element_type=\"widget\" data-e-type=\"widget\" data-widget_type=\"text-editor.default\">\n\t\t\t\t<div class=\"elementor-widget-container\">\n\t\t\t\t\t\t\t\t\t<p>\u00a0<\/p>\n<p>Cette page \u00e0 vocation \u00e0 s&rsquo;enrichir au fil du temps.\u00a0 J&rsquo;aime tous les auteurs que je cite et le choix est vraiment difficile. Mais je pense que cette s\u00e9lection peut vous permettre de mieux me conna\u00eetre.<\/p>\t\t\t\t\t\t\t\t<\/div>\n\t\t\t\t<\/div>\n\t\t\t\t\t<\/div>\n\t\t<\/div>\n\t\t\t\t\t<\/div>\n\t\t<\/section>\n\t\t\t\t<\/div>\n\t\t","protected":false},"excerpt":{"rendered":"<p>\u00a0 Cette page \u00e0 vocation \u00e0 s&rsquo;enrichir au fil du temps.\u00a0 J&rsquo;aime tous les auteurs que je cite et le choix est vraiment difficile. Mais je pense que cette s\u00e9lection peut vous permettre de mieux me conna\u00eetre.<\/p>\n","protected":false},"author":1,"featured_media":0,"parent":0,"menu_order":4,"comment_status":"closed","ping_status":"closed","template":"","meta":{"footnotes":""},"class_list":["post-32","page","type-page","status-publish","hentry"],"yoast_head":"<!-- This site is optimized with the Yoast SEO plugin v27.4 - https:\/\/yoast.com\/product\/yoast-seo-wordpress\/ -->\n<title>Mes auteurs pr\u00e9f\u00e9r\u00e9s - Yann TREBAOL - ECRIVAIN<\/title>\n<meta name=\"robots\" content=\"index, follow, max-snippet:-1, max-image-preview:large, max-video-preview:-1\" \/>\n<link rel=\"canonical\" href=\"https:\/\/yanntrebaol.fr\/ecrivain\/index.php\/mes-auteurs-preferes\/\" \/>\n<meta property=\"og:locale\" content=\"fr_FR\" \/>\n<meta property=\"og:type\" content=\"article\" \/>\n<meta property=\"og:title\" content=\"Mes auteurs pr\u00e9f\u00e9r\u00e9s - Yann TREBAOL - ECRIVAIN\" \/>\n<meta property=\"og:description\" content=\"\u00a0 Cette page \u00e0 vocation \u00e0 s&rsquo;enrichir au fil du temps.\u00a0 J&rsquo;aime tous les auteurs que je cite et le choix est vraiment difficile. Mais je pense que cette s\u00e9lection peut vous permettre de mieux me conna\u00eetre.\" \/>\n<meta property=\"og:url\" content=\"https:\/\/yanntrebaol.fr\/ecrivain\/index.php\/mes-auteurs-preferes\/\" \/>\n<meta property=\"og:site_name\" content=\"Yann TREBAOL - ECRIVAIN\" \/>\n<meta property=\"article:modified_time\" content=\"2020-12-17T22:42:39+00:00\" \/>\n<meta property=\"og:image\" content=\"http:\/\/yanntrebaol.fr\/ecrivain\/wp-content\/uploads\/2020\/12\/book-1659717_1920-1024x587.jpg\" \/>\n<meta name=\"twitter:card\" content=\"summary_large_image\" \/>\n<script type=\"application\/ld+json\" class=\"yoast-schema-graph\">{\"@context\":\"https:\\\/\\\/schema.org\",\"@graph\":[{\"@type\":\"WebPage\",\"@id\":\"https:\\\/\\\/yanntrebaol.fr\\\/ecrivain\\\/index.php\\\/mes-auteurs-preferes\\\/\",\"url\":\"https:\\\/\\\/yanntrebaol.fr\\\/ecrivain\\\/index.php\\\/mes-auteurs-preferes\\\/\",\"name\":\"Mes auteurs pr\u00e9f\u00e9r\u00e9s - Yann TREBAOL - ECRIVAIN\",\"isPartOf\":{\"@id\":\"https:\\\/\\\/yanntrebaol.fr\\\/ecrivain\\\/#website\"},\"primaryImageOfPage\":{\"@id\":\"https:\\\/\\\/yanntrebaol.fr\\\/ecrivain\\\/index.php\\\/mes-auteurs-preferes\\\/#primaryimage\"},\"image\":{\"@id\":\"https:\\\/\\\/yanntrebaol.fr\\\/ecrivain\\\/index.php\\\/mes-auteurs-preferes\\\/#primaryimage\"},\"thumbnailUrl\":\"http:\\\/\\\/yanntrebaol.fr\\\/ecrivain\\\/wp-content\\\/uploads\\\/2020\\\/12\\\/book-1659717_1920-1024x587.jpg\",\"datePublished\":\"2020-10-18T13:23:49+00:00\",\"dateModified\":\"2020-12-17T22:42:39+00:00\",\"breadcrumb\":{\"@id\":\"https:\\\/\\\/yanntrebaol.fr\\\/ecrivain\\\/index.php\\\/mes-auteurs-preferes\\\/#breadcrumb\"},\"inLanguage\":\"fr-FR\",\"potentialAction\":[{\"@type\":\"ReadAction\",\"target\":[\"https:\\\/\\\/yanntrebaol.fr\\\/ecrivain\\\/index.php\\\/mes-auteurs-preferes\\\/\"]}]},{\"@type\":\"ImageObject\",\"inLanguage\":\"fr-FR\",\"@id\":\"https:\\\/\\\/yanntrebaol.fr\\\/ecrivain\\\/index.php\\\/mes-auteurs-preferes\\\/#primaryimage\",\"url\":\"https:\\\/\\\/yanntrebaol.fr\\\/ecrivain\\\/wp-content\\\/uploads\\\/2020\\\/12\\\/book-1659717_1920.jpg\",\"contentUrl\":\"https:\\\/\\\/yanntrebaol.fr\\\/ecrivain\\\/wp-content\\\/uploads\\\/2020\\\/12\\\/book-1659717_1920.jpg\",\"width\":1920,\"height\":1101},{\"@type\":\"BreadcrumbList\",\"@id\":\"https:\\\/\\\/yanntrebaol.fr\\\/ecrivain\\\/index.php\\\/mes-auteurs-preferes\\\/#breadcrumb\",\"itemListElement\":[{\"@type\":\"ListItem\",\"position\":1,\"name\":\"Accueil\",\"item\":\"https:\\\/\\\/yanntrebaol.fr\\\/ecrivain\\\/\"},{\"@type\":\"ListItem\",\"position\":2,\"name\":\"Mes auteurs pr\u00e9f\u00e9r\u00e9s\"}]},{\"@type\":\"WebSite\",\"@id\":\"https:\\\/\\\/yanntrebaol.fr\\\/ecrivain\\\/#website\",\"url\":\"https:\\\/\\\/yanntrebaol.fr\\\/ecrivain\\\/\",\"name\":\"Yann TREBAOL - ECRIVAIN\",\"description\":\"Un Blog de partage tout simplement ...\",\"potentialAction\":[{\"@type\":\"SearchAction\",\"target\":{\"@type\":\"EntryPoint\",\"urlTemplate\":\"https:\\\/\\\/yanntrebaol.fr\\\/ecrivain\\\/?s={search_term_string}\"},\"query-input\":{\"@type\":\"PropertyValueSpecification\",\"valueRequired\":true,\"valueName\":\"search_term_string\"}}],\"inLanguage\":\"fr-FR\"}]}<\/script>\n<!-- \/ Yoast SEO plugin. -->","yoast_head_json":{"title":"Mes auteurs pr\u00e9f\u00e9r\u00e9s - Yann TREBAOL - ECRIVAIN","robots":{"index":"index","follow":"follow","max-snippet":"max-snippet:-1","max-image-preview":"max-image-preview:large","max-video-preview":"max-video-preview:-1"},"canonical":"https:\/\/yanntrebaol.fr\/ecrivain\/index.php\/mes-auteurs-preferes\/","og_locale":"fr_FR","og_type":"article","og_title":"Mes auteurs pr\u00e9f\u00e9r\u00e9s - Yann TREBAOL - ECRIVAIN","og_description":"\u00a0 Cette page \u00e0 vocation \u00e0 s&rsquo;enrichir au fil du temps.\u00a0 J&rsquo;aime tous les auteurs que je cite et le choix est vraiment difficile. Mais je pense que cette s\u00e9lection peut vous permettre de mieux me conna\u00eetre.","og_url":"https:\/\/yanntrebaol.fr\/ecrivain\/index.php\/mes-auteurs-preferes\/","og_site_name":"Yann TREBAOL - ECRIVAIN","article_modified_time":"2020-12-17T22:42:39+00:00","og_image":[{"url":"http:\/\/yanntrebaol.fr\/ecrivain\/wp-content\/uploads\/2020\/12\/book-1659717_1920-1024x587.jpg","type":"","width":"","height":""}],"twitter_card":"summary_large_image","schema":{"@context":"https:\/\/schema.org","@graph":[{"@type":"WebPage","@id":"https:\/\/yanntrebaol.fr\/ecrivain\/index.php\/mes-auteurs-preferes\/","url":"https:\/\/yanntrebaol.fr\/ecrivain\/index.php\/mes-auteurs-preferes\/","name":"Mes auteurs pr\u00e9f\u00e9r\u00e9s - Yann TREBAOL - ECRIVAIN","isPartOf":{"@id":"https:\/\/yanntrebaol.fr\/ecrivain\/#website"},"primaryImageOfPage":{"@id":"https:\/\/yanntrebaol.fr\/ecrivain\/index.php\/mes-auteurs-preferes\/#primaryimage"},"image":{"@id":"https:\/\/yanntrebaol.fr\/ecrivain\/index.php\/mes-auteurs-preferes\/#primaryimage"},"thumbnailUrl":"http:\/\/yanntrebaol.fr\/ecrivain\/wp-content\/uploads\/2020\/12\/book-1659717_1920-1024x587.jpg","datePublished":"2020-10-18T13:23:49+00:00","dateModified":"2020-12-17T22:42:39+00:00","breadcrumb":{"@id":"https:\/\/yanntrebaol.fr\/ecrivain\/index.php\/mes-auteurs-preferes\/#breadcrumb"},"inLanguage":"fr-FR","potentialAction":[{"@type":"ReadAction","target":["https:\/\/yanntrebaol.fr\/ecrivain\/index.php\/mes-auteurs-preferes\/"]}]},{"@type":"ImageObject","inLanguage":"fr-FR","@id":"https:\/\/yanntrebaol.fr\/ecrivain\/index.php\/mes-auteurs-preferes\/#primaryimage","url":"https:\/\/yanntrebaol.fr\/ecrivain\/wp-content\/uploads\/2020\/12\/book-1659717_1920.jpg","contentUrl":"https:\/\/yanntrebaol.fr\/ecrivain\/wp-content\/uploads\/2020\/12\/book-1659717_1920.jpg","width":1920,"height":1101},{"@type":"BreadcrumbList","@id":"https:\/\/yanntrebaol.fr\/ecrivain\/index.php\/mes-auteurs-preferes\/#breadcrumb","itemListElement":[{"@type":"ListItem","position":1,"name":"Accueil","item":"https:\/\/yanntrebaol.fr\/ecrivain\/"},{"@type":"ListItem","position":2,"name":"Mes auteurs pr\u00e9f\u00e9r\u00e9s"}]},{"@type":"WebSite","@id":"https:\/\/yanntrebaol.fr\/ecrivain\/#website","url":"https:\/\/yanntrebaol.fr\/ecrivain\/","name":"Yann TREBAOL - ECRIVAIN","description":"Un Blog de partage tout simplement ...","potentialAction":[{"@type":"SearchAction","target":{"@type":"EntryPoint","urlTemplate":"https:\/\/yanntrebaol.fr\/ecrivain\/?s={search_term_string}"},"query-input":{"@type":"PropertyValueSpecification","valueRequired":true,"valueName":"search_term_string"}}],"inLanguage":"fr-FR"}]}},"_links":{"self":[{"href":"https:\/\/yanntrebaol.fr\/ecrivain\/index.php\/wp-json\/wp\/v2\/pages\/32","targetHints":{"allow":["GET"]}}],"collection":[{"href":"https:\/\/yanntrebaol.fr\/ecrivain\/index.php\/wp-json\/wp\/v2\/pages"}],"about":[{"href":"https:\/\/yanntrebaol.fr\/ecrivain\/index.php\/wp-json\/wp\/v2\/types\/page"}],"author":[{"embeddable":true,"href":"https:\/\/yanntrebaol.fr\/ecrivain\/index.php\/wp-json\/wp\/v2\/users\/1"}],"replies":[{"embeddable":true,"href":"https:\/\/yanntrebaol.fr\/ecrivain\/index.php\/wp-json\/wp\/v2\/comments?post=32"}],"version-history":[{"count":33,"href":"https:\/\/yanntrebaol.fr\/ecrivain\/index.php\/wp-json\/wp\/v2\/pages\/32\/revisions"}],"predecessor-version":[{"id":561,"href":"https:\/\/yanntrebaol.fr\/ecrivain\/index.php\/wp-json\/wp\/v2\/pages\/32\/revisions\/561"}],"wp:attachment":[{"href":"https:\/\/yanntrebaol.fr\/ecrivain\/index.php\/wp-json\/wp\/v2\/media?parent=32"}],"curies":[{"name":"wp","href":"https:\/\/api.w.org\/{rel}","templated":true}]}}