{"id":333,"date":"2020-10-27T09:56:18","date_gmt":"2020-10-27T08:56:18","guid":{"rendered":"http:\/\/yanntrebaol.fr\/ecrivain\/?page_id=333"},"modified":"2021-10-05T15:48:55","modified_gmt":"2021-10-05T13:48:55","slug":"textes-au-gre-du-vent","status":"publish","type":"page","link":"https:\/\/yanntrebaol.fr\/ecrivain\/index.php\/textes-au-gre-du-vent\/","title":{"rendered":"Textes au gr\u00e9 du vent"},"content":{"rendered":"\t\t<div data-elementor-type=\"wp-page\" data-elementor-id=\"333\" class=\"elementor elementor-333\">\n\t\t\t\t\t\t<section class=\"elementor-section elementor-top-section elementor-element elementor-element-9c7c112 elementor-section-boxed elementor-section-height-default elementor-section-height-default\" data-id=\"9c7c112\" data-element_type=\"section\" data-e-type=\"section\">\n\t\t\t\t\t\t<div class=\"elementor-container elementor-column-gap-default\">\n\t\t\t\t\t<div class=\"elementor-column elementor-col-100 elementor-top-column elementor-element elementor-element-25eaa4c\" data-id=\"25eaa4c\" data-element_type=\"column\" data-e-type=\"column\">\n\t\t\t<div class=\"elementor-widget-wrap elementor-element-populated\">\n\t\t\t\t\t\t<div class=\"elementor-element elementor-element-430391f elementor-widget elementor-widget-text-editor\" data-id=\"430391f\" data-element_type=\"widget\" data-e-type=\"widget\" data-widget_type=\"text-editor.default\">\n\t\t\t\t<div class=\"elementor-widget-container\">\n\t\t\t\t\t\t\t\t\t<p>Trag\u00e9dies, po\u00e9sies, fables, j\u2019ai toujours aim\u00e9 apprendre et r\u00e9citer des vers. Je ne pr\u00e9tends pas que j\u2019aurai eu la capacit\u00e9 d\u2019\u00eatre acteur de th\u00e9\u00e2tre, mais j\u2019ai toujours ador\u00e9 d\u00e9clamer des textes. En fait, la construction des phrases cr\u00e9e une m\u00e9lodie de mots souvent tr\u00e8s agr\u00e9able \u00e0 r\u00e9citer. Il suffit pour cela de s\u2019impr\u00e9gner de la situation et de se glisser dans la peau des personnages, l\u2019imagination faisant le reste. Je pense que c\u2019est la raison pour laquelle j\u2019ai commenc\u00e9 par \u00e9crire des chansons, pour red\u00e9couvrir le plaisir de cette musique des mots si agr\u00e9able \u00e0 entendre.<\/p><p>Vous trouverez dans cette rubrique des textes en prose ou en vers que j\u2019aime beaucoup<\/p>\t\t\t\t\t\t\t\t<\/div>\n\t\t\t\t<\/div>\n\t\t\t\t\t<\/div>\n\t\t<\/div>\n\t\t\t\t\t<\/div>\n\t\t<\/section>\n\t\t\t\t<section class=\"elementor-section elementor-top-section elementor-element elementor-element-97bf25e elementor-section-boxed elementor-section-height-default elementor-section-height-default\" data-id=\"97bf25e\" data-element_type=\"section\" data-e-type=\"section\">\n\t\t\t\t\t\t<div class=\"elementor-container elementor-column-gap-default\">\n\t\t\t\t\t<div class=\"elementor-column elementor-col-100 elementor-top-column elementor-element elementor-element-8f4b7ab\" data-id=\"8f4b7ab\" data-element_type=\"column\" data-e-type=\"column\">\n\t\t\t<div class=\"elementor-widget-wrap elementor-element-populated\">\n\t\t\t\t\t\t<div class=\"elementor-element elementor-element-1147381 elementor-widget elementor-widget-image\" data-id=\"1147381\" data-element_type=\"widget\" data-e-type=\"widget\" data-widget_type=\"image.default\">\n\t\t\t\t<div class=\"elementor-widget-container\">\n\t\t\t\t\t\t\t\t\t\t\t\t<figure class=\"wp-caption\">\n\t\t\t\t\t\t\t\t\t\t<img fetchpriority=\"high\" decoding=\"async\" width=\"740\" height=\"434\" src=\"https:\/\/yanntrebaol.fr\/ecrivain\/wp-content\/uploads\/2020\/12\/book-2929646_1920-1024x601.jpg\" class=\"attachment-large size-large wp-image-452\" alt=\"\" srcset=\"https:\/\/yanntrebaol.fr\/ecrivain\/wp-content\/uploads\/2020\/12\/book-2929646_1920-1024x601.jpg 1024w, https:\/\/yanntrebaol.fr\/ecrivain\/wp-content\/uploads\/2020\/12\/book-2929646_1920-300x176.jpg 300w, https:\/\/yanntrebaol.fr\/ecrivain\/wp-content\/uploads\/2020\/12\/book-2929646_1920-768x450.jpg 768w, https:\/\/yanntrebaol.fr\/ecrivain\/wp-content\/uploads\/2020\/12\/book-2929646_1920-1536x901.jpg 1536w, https:\/\/yanntrebaol.fr\/ecrivain\/wp-content\/uploads\/2020\/12\/book-2929646_1920.jpg 1920w\" sizes=\"100vw\" \/>\t\t\t\t\t\t\t\t\t\t\t<figcaption class=\"widget-image-caption wp-caption-text\">Image par <a href=\"https:\/\/pixabay.com\/fr\/users\/comfreak-51581\/?utm_source=link-attribution&amp;utm_medium=referral&amp;utm_campaign=image&amp;utm_content=2929646\">Comfreak<\/a> de <a href=\"https:\/\/pixabay.com\/fr\/?utm_source=link-attribution&amp;utm_medium=referral&amp;utm_campaign=image&amp;utm_content=2929646\">Pixabay<\/a><\/figcaption>\n\t\t\t\t\t\t\t\t\t\t<\/figure>\n\t\t\t\t\t\t\t\t\t<\/div>\n\t\t\t\t<\/div>\n\t\t\t\t\t<\/div>\n\t\t<\/div>\n\t\t\t\t\t<\/div>\n\t\t<\/section>\n\t\t\t\t<\/div>\n\t\t","protected":false},"excerpt":{"rendered":"<p>Trag\u00e9dies, po\u00e9sies, fables, j\u2019ai toujours aim\u00e9 apprendre et r\u00e9citer des vers. Je ne pr\u00e9tends pas que j\u2019aurai eu la capacit\u00e9 d\u2019\u00eatre acteur de th\u00e9\u00e2tre, mais j\u2019ai toujours ador\u00e9 d\u00e9clamer des textes. En fait, la construction des phrases cr\u00e9e une m\u00e9lodie de mots souvent tr\u00e8s agr\u00e9able \u00e0 r\u00e9citer. Il suffit pour cela de s\u2019impr\u00e9gner de la &hellip; <\/p>\n<p class=\"link-more\"><a href=\"https:\/\/yanntrebaol.fr\/ecrivain\/index.php\/textes-au-gre-du-vent\/\" class=\"more-link\">Continuer la lecture<span class=\"screen-reader-text\"> de &laquo;&nbsp;Textes au gr\u00e9 du vent&nbsp;&raquo;<\/span><\/a><\/p>\n","protected":false},"author":1,"featured_media":0,"parent":0,"menu_order":0,"comment_status":"closed","ping_status":"closed","template":"","meta":{"footnotes":""},"class_list":["post-333","page","type-page","status-publish","hentry"],"yoast_head":"<!-- This site is optimized with the Yoast SEO plugin v27.6 - https:\/\/yoast.com\/product\/yoast-seo-wordpress\/ -->\n<title>Textes au gr\u00e9 du vent - Yann TREBAOL - ECRIVAIN<\/title>\n<meta name=\"robots\" content=\"index, follow, max-snippet:-1, max-image-preview:large, max-video-preview:-1\" \/>\n<link rel=\"canonical\" href=\"https:\/\/yanntrebaol.fr\/ecrivain\/index.php\/textes-au-gre-du-vent\/\" \/>\n<meta property=\"og:locale\" content=\"fr_FR\" \/>\n<meta property=\"og:type\" content=\"article\" \/>\n<meta property=\"og:title\" content=\"Textes au gr\u00e9 du vent - Yann TREBAOL - ECRIVAIN\" \/>\n<meta property=\"og:description\" content=\"Trag\u00e9dies, po\u00e9sies, fables, j\u2019ai toujours aim\u00e9 apprendre et r\u00e9citer des vers. Je ne pr\u00e9tends pas que j\u2019aurai eu la capacit\u00e9 d\u2019\u00eatre acteur de th\u00e9\u00e2tre, mais j\u2019ai toujours ador\u00e9 d\u00e9clamer des textes. En fait, la construction des phrases cr\u00e9e une m\u00e9lodie de mots souvent tr\u00e8s agr\u00e9able \u00e0 r\u00e9citer. Il suffit pour cela de s\u2019impr\u00e9gner de la &hellip; Continuer la lecture de &laquo;&nbsp;Textes au gr\u00e9 du vent&nbsp;&raquo;\" \/>\n<meta property=\"og:url\" content=\"https:\/\/yanntrebaol.fr\/ecrivain\/index.php\/textes-au-gre-du-vent\/\" \/>\n<meta property=\"og:site_name\" content=\"Yann TREBAOL - ECRIVAIN\" \/>\n<meta property=\"article:modified_time\" content=\"2021-10-05T13:48:55+00:00\" \/>\n<meta property=\"og:image\" content=\"http:\/\/yanntrebaol.fr\/ecrivain\/wp-content\/uploads\/2020\/12\/book-2929646_1920-1024x601.jpg\" \/>\n<meta name=\"twitter:card\" content=\"summary_large_image\" \/>\n<meta name=\"twitter:label1\" content=\"Dur\u00e9e de lecture estim\u00e9e\" \/>\n\t<meta name=\"twitter:data1\" content=\"1 minute\" \/>\n<script type=\"application\/ld+json\" class=\"yoast-schema-graph\">{\"@context\":\"https:\\\/\\\/schema.org\",\"@graph\":[{\"@type\":\"WebPage\",\"@id\":\"https:\\\/\\\/yanntrebaol.fr\\\/ecrivain\\\/index.php\\\/textes-au-gre-du-vent\\\/\",\"url\":\"https:\\\/\\\/yanntrebaol.fr\\\/ecrivain\\\/index.php\\\/textes-au-gre-du-vent\\\/\",\"name\":\"Textes au gr\u00e9 du vent - Yann TREBAOL - ECRIVAIN\",\"isPartOf\":{\"@id\":\"https:\\\/\\\/yanntrebaol.fr\\\/ecrivain\\\/#website\"},\"primaryImageOfPage\":{\"@id\":\"https:\\\/\\\/yanntrebaol.fr\\\/ecrivain\\\/index.php\\\/textes-au-gre-du-vent\\\/#primaryimage\"},\"image\":{\"@id\":\"https:\\\/\\\/yanntrebaol.fr\\\/ecrivain\\\/index.php\\\/textes-au-gre-du-vent\\\/#primaryimage\"},\"thumbnailUrl\":\"http:\\\/\\\/yanntrebaol.fr\\\/ecrivain\\\/wp-content\\\/uploads\\\/2020\\\/12\\\/book-2929646_1920-1024x601.jpg\",\"datePublished\":\"2020-10-27T08:56:18+00:00\",\"dateModified\":\"2021-10-05T13:48:55+00:00\",\"breadcrumb\":{\"@id\":\"https:\\\/\\\/yanntrebaol.fr\\\/ecrivain\\\/index.php\\\/textes-au-gre-du-vent\\\/#breadcrumb\"},\"inLanguage\":\"fr-FR\",\"potentialAction\":[{\"@type\":\"ReadAction\",\"target\":[\"https:\\\/\\\/yanntrebaol.fr\\\/ecrivain\\\/index.php\\\/textes-au-gre-du-vent\\\/\"]}]},{\"@type\":\"ImageObject\",\"inLanguage\":\"fr-FR\",\"@id\":\"https:\\\/\\\/yanntrebaol.fr\\\/ecrivain\\\/index.php\\\/textes-au-gre-du-vent\\\/#primaryimage\",\"url\":\"https:\\\/\\\/yanntrebaol.fr\\\/ecrivain\\\/wp-content\\\/uploads\\\/2020\\\/12\\\/book-2929646_1920.jpg\",\"contentUrl\":\"https:\\\/\\\/yanntrebaol.fr\\\/ecrivain\\\/wp-content\\\/uploads\\\/2020\\\/12\\\/book-2929646_1920.jpg\",\"width\":1920,\"height\":1126},{\"@type\":\"BreadcrumbList\",\"@id\":\"https:\\\/\\\/yanntrebaol.fr\\\/ecrivain\\\/index.php\\\/textes-au-gre-du-vent\\\/#breadcrumb\",\"itemListElement\":[{\"@type\":\"ListItem\",\"position\":1,\"name\":\"Accueil\",\"item\":\"https:\\\/\\\/yanntrebaol.fr\\\/ecrivain\\\/\"},{\"@type\":\"ListItem\",\"position\":2,\"name\":\"Textes au gr\u00e9 du vent\"}]},{\"@type\":\"WebSite\",\"@id\":\"https:\\\/\\\/yanntrebaol.fr\\\/ecrivain\\\/#website\",\"url\":\"https:\\\/\\\/yanntrebaol.fr\\\/ecrivain\\\/\",\"name\":\"Yann TREBAOL - ECRIVAIN\",\"description\":\"Un Blog de partage tout simplement ...\",\"potentialAction\":[{\"@type\":\"SearchAction\",\"target\":{\"@type\":\"EntryPoint\",\"urlTemplate\":\"https:\\\/\\\/yanntrebaol.fr\\\/ecrivain\\\/?s={search_term_string}\"},\"query-input\":{\"@type\":\"PropertyValueSpecification\",\"valueRequired\":true,\"valueName\":\"search_term_string\"}}],\"inLanguage\":\"fr-FR\"}]}<\/script>\n<!-- \/ Yoast SEO plugin. -->","yoast_head_json":{"title":"Textes au gr\u00e9 du vent - Yann TREBAOL - ECRIVAIN","robots":{"index":"index","follow":"follow","max-snippet":"max-snippet:-1","max-image-preview":"max-image-preview:large","max-video-preview":"max-video-preview:-1"},"canonical":"https:\/\/yanntrebaol.fr\/ecrivain\/index.php\/textes-au-gre-du-vent\/","og_locale":"fr_FR","og_type":"article","og_title":"Textes au gr\u00e9 du vent - Yann TREBAOL - ECRIVAIN","og_description":"Trag\u00e9dies, po\u00e9sies, fables, j\u2019ai toujours aim\u00e9 apprendre et r\u00e9citer des vers. Je ne pr\u00e9tends pas que j\u2019aurai eu la capacit\u00e9 d\u2019\u00eatre acteur de th\u00e9\u00e2tre, mais j\u2019ai toujours ador\u00e9 d\u00e9clamer des textes. En fait, la construction des phrases cr\u00e9e une m\u00e9lodie de mots souvent tr\u00e8s agr\u00e9able \u00e0 r\u00e9citer. Il suffit pour cela de s\u2019impr\u00e9gner de la &hellip; Continuer la lecture de &laquo;&nbsp;Textes au gr\u00e9 du vent&nbsp;&raquo;","og_url":"https:\/\/yanntrebaol.fr\/ecrivain\/index.php\/textes-au-gre-du-vent\/","og_site_name":"Yann TREBAOL - ECRIVAIN","article_modified_time":"2021-10-05T13:48:55+00:00","og_image":[{"url":"http:\/\/yanntrebaol.fr\/ecrivain\/wp-content\/uploads\/2020\/12\/book-2929646_1920-1024x601.jpg","type":"","width":"","height":""}],"twitter_card":"summary_large_image","twitter_misc":{"Dur\u00e9e de lecture estim\u00e9e":"1 minute"},"schema":{"@context":"https:\/\/schema.org","@graph":[{"@type":"WebPage","@id":"https:\/\/yanntrebaol.fr\/ecrivain\/index.php\/textes-au-gre-du-vent\/","url":"https:\/\/yanntrebaol.fr\/ecrivain\/index.php\/textes-au-gre-du-vent\/","name":"Textes au gr\u00e9 du vent - Yann TREBAOL - ECRIVAIN","isPartOf":{"@id":"https:\/\/yanntrebaol.fr\/ecrivain\/#website"},"primaryImageOfPage":{"@id":"https:\/\/yanntrebaol.fr\/ecrivain\/index.php\/textes-au-gre-du-vent\/#primaryimage"},"image":{"@id":"https:\/\/yanntrebaol.fr\/ecrivain\/index.php\/textes-au-gre-du-vent\/#primaryimage"},"thumbnailUrl":"http:\/\/yanntrebaol.fr\/ecrivain\/wp-content\/uploads\/2020\/12\/book-2929646_1920-1024x601.jpg","datePublished":"2020-10-27T08:56:18+00:00","dateModified":"2021-10-05T13:48:55+00:00","breadcrumb":{"@id":"https:\/\/yanntrebaol.fr\/ecrivain\/index.php\/textes-au-gre-du-vent\/#breadcrumb"},"inLanguage":"fr-FR","potentialAction":[{"@type":"ReadAction","target":["https:\/\/yanntrebaol.fr\/ecrivain\/index.php\/textes-au-gre-du-vent\/"]}]},{"@type":"ImageObject","inLanguage":"fr-FR","@id":"https:\/\/yanntrebaol.fr\/ecrivain\/index.php\/textes-au-gre-du-vent\/#primaryimage","url":"https:\/\/yanntrebaol.fr\/ecrivain\/wp-content\/uploads\/2020\/12\/book-2929646_1920.jpg","contentUrl":"https:\/\/yanntrebaol.fr\/ecrivain\/wp-content\/uploads\/2020\/12\/book-2929646_1920.jpg","width":1920,"height":1126},{"@type":"BreadcrumbList","@id":"https:\/\/yanntrebaol.fr\/ecrivain\/index.php\/textes-au-gre-du-vent\/#breadcrumb","itemListElement":[{"@type":"ListItem","position":1,"name":"Accueil","item":"https:\/\/yanntrebaol.fr\/ecrivain\/"},{"@type":"ListItem","position":2,"name":"Textes au gr\u00e9 du vent"}]},{"@type":"WebSite","@id":"https:\/\/yanntrebaol.fr\/ecrivain\/#website","url":"https:\/\/yanntrebaol.fr\/ecrivain\/","name":"Yann TREBAOL - ECRIVAIN","description":"Un Blog de partage tout simplement ...","potentialAction":[{"@type":"SearchAction","target":{"@type":"EntryPoint","urlTemplate":"https:\/\/yanntrebaol.fr\/ecrivain\/?s={search_term_string}"},"query-input":{"@type":"PropertyValueSpecification","valueRequired":true,"valueName":"search_term_string"}}],"inLanguage":"fr-FR"}]}},"_links":{"self":[{"href":"https:\/\/yanntrebaol.fr\/ecrivain\/index.php\/wp-json\/wp\/v2\/pages\/333","targetHints":{"allow":["GET"]}}],"collection":[{"href":"https:\/\/yanntrebaol.fr\/ecrivain\/index.php\/wp-json\/wp\/v2\/pages"}],"about":[{"href":"https:\/\/yanntrebaol.fr\/ecrivain\/index.php\/wp-json\/wp\/v2\/types\/page"}],"author":[{"embeddable":true,"href":"https:\/\/yanntrebaol.fr\/ecrivain\/index.php\/wp-json\/wp\/v2\/users\/1"}],"replies":[{"embeddable":true,"href":"https:\/\/yanntrebaol.fr\/ecrivain\/index.php\/wp-json\/wp\/v2\/comments?post=333"}],"version-history":[{"count":11,"href":"https:\/\/yanntrebaol.fr\/ecrivain\/index.php\/wp-json\/wp\/v2\/pages\/333\/revisions"}],"predecessor-version":[{"id":604,"href":"https:\/\/yanntrebaol.fr\/ecrivain\/index.php\/wp-json\/wp\/v2\/pages\/333\/revisions\/604"}],"wp:attachment":[{"href":"https:\/\/yanntrebaol.fr\/ecrivain\/index.php\/wp-json\/wp\/v2\/media?parent=333"}],"curies":[{"name":"wp","href":"https:\/\/api.w.org\/{rel}","templated":true}]}}