{"id":107,"date":"2020-10-21T13:51:33","date_gmt":"2020-10-21T11:51:33","guid":{"rendered":"http:\/\/yanntrebaol.fr\/musicien\/?page_id=107"},"modified":"2020-11-03T13:22:12","modified_gmt":"2020-11-03T12:22:12","slug":"chansons-enregistrees-b-59-pure-rock","status":"publish","type":"page","link":"https:\/\/yanntrebaol.fr\/musicien\/index.php\/chansons-enregistrees-b-59-pure-rock\/","title":{"rendered":"MORCEAUX ENREGISTRES B 59 PURE ROCK !"},"content":{"rendered":"\n<figure class=\"wp-block-image size-large\"><img fetchpriority=\"high\" decoding=\"async\" width=\"1920\" height=\"1276\" src=\"http:\/\/yanntrebaol.fr\/musicien\/wp-content\/uploads\/2020\/10\/music-1284505_1920.jpg\" alt=\"\" class=\"wp-image-101\"\/><\/figure>\n\n\n\n<p><strong><em>B59<\/em><\/strong><em> <strong>PURE ROCK&nbsp;!<\/strong> est n\u00e9 en 2016, d\u2019une rencontre entre deux amis guitaristes de Saint-Mandrier&nbsp;: Yann et Jim, \u00e0 l\u2019univers musical tr\u00e8s proche (Led Zeppelin, Deep Purple, Black Sabbath, Cream, AC\/DC, Trust, Creedence et tant d\u2019autres\u2026).<\/em><\/p>\n\n\n\n<p><strong><em>B59<\/em><\/strong><em> <strong>PURE ROCK&nbsp;!<\/strong> comme \u00ab&nbsp;<strong>Birthday year 1959<\/strong>&nbsp;\u00bb, l\u2019ann\u00e9e de naissance commune de nos deux comp\u00e8res.<\/em><em><\/em><\/p>\n\n\n\n<p><em>Apr\u00e8s avoir commenc\u00e9 \u00e0 interpr\u00e9ter quelques reprises (Jim&nbsp;: Lead guitar&nbsp;et Yann&nbsp;: Rythm guitar \/chant), l\u2019envie de cr\u00e9er et de composer leur propre musique s\u2019est tr\u00e8s rapidement impos\u00e9e \u00e0 eux.<\/em><\/p>\n\n\n\n<p><em>Denis&nbsp;: DRUMS et Pascal&nbsp;: BASS les ont rejoints.<\/em><\/p>\n\n\n\n<p><em>M\u00e9lange de Blues, Rock, Hard Rock\u2026, textes fran\u00e7ais, anglais, inspir\u00e9s de la vie de tous les jours, d\u2019histoires vraies, fausses, d\u2019\u00e9tats d\u2019\u00e2me, de d\u00e9lires\u2026, <strong>B 59<\/strong>&nbsp;<strong>PURE ROCK&nbsp;!<\/strong> revendique sa propre identit\u00e9 musicale, bien d\u00e9cid\u00e9 \u00e0 bombarder du d\u00e9cibel et \u00e0 se faire entendre&nbsp;!<\/em><\/p>\n\n\n\n<figure class=\"wp-block-image size-large\"><img decoding=\"async\" width=\"3840\" height=\"2160\" src=\"http:\/\/yanntrebaol.fr\/musicien\/wp-content\/uploads\/2020\/10\/vlcsnap-2019-12-13-15h11m39s103.png\" alt=\"\" class=\"wp-image-44\"\/><\/figure>\n\n\n\n<p><strong>SHARK BLUES C&rsquo;EST UN DE NOS COUPS DE GUEULE \u2026<\/strong><\/p>\n\n\n\n<p><em><strong>Ce morceaux a \u00e9t\u00e9 \u00e9crit pour d\u00e9noncer le massacre des millions de requins qui peuplent les oc\u00e9ans de cette belle plan\u00e8te. Au rythme o\u00f9 vont les choses, nos enfants pourront voir ces magnifiques poissons, indispensables \u00e0 la survie des \u00e9cosyst\u00e8mes, uniquement dans les aquariums ! <\/strong><\/em> <em><strong>Comme celui d&rsquo;Okinawa qui illustre mon propos.<\/strong><\/em><\/p>\n\n\n\n<figure class=\"wp-block-image size-large\"><img decoding=\"async\" width=\"1920\" height=\"1281\" src=\"http:\/\/yanntrebaol.fr\/musicien\/wp-content\/uploads\/2020\/11\/aquarium-725798_1920.jpg\" alt=\"\" class=\"wp-image-228\"\/><figcaption>Image par <a href=\"https:\/\/pixabay.com\/fr\/users\/jordymeow-943760\/?utm_source=link-attribution&amp;utm_medium=referral&amp;utm_campaign=image&amp;utm_content=725798\">Jordy Meow<\/a> de <a href=\"https:\/\/pixabay.com\/fr\/?utm_source=link-attribution&amp;utm_medium=referral&amp;utm_campaign=image&amp;utm_content=725798\">Pixabay<\/a><\/figcaption><\/figure>\n\n\n\n<figure class=\"wp-block-embed-youtube wp-block-embed is-type-video is-provider-youtube wp-embed-aspect-16-9 wp-has-aspect-ratio\"><div class=\"wp-block-embed__wrapper\">\nhttps:\/\/youtu.be\/mmtgZUODbRk\n<\/div><\/figure>\n\n\n\n<p><\/p>\n","protected":false},"excerpt":{"rendered":"<p>B59 PURE ROCK&nbsp;! est n\u00e9 en 2016, d\u2019une rencontre entre deux amis guitaristes de Saint-Mandrier&nbsp;: Yann et Jim, \u00e0 l\u2019univers musical tr\u00e8s proche (Led Zeppelin, Deep Purple, Black Sabbath, Cream, AC\/DC, Trust, Creedence et tant d\u2019autres\u2026). B59 PURE ROCK&nbsp;! comme \u00ab&nbsp;Birthday year 1959&nbsp;\u00bb, l\u2019ann\u00e9e de naissance commune de nos deux comp\u00e8res. Apr\u00e8s avoir commenc\u00e9 \u00e0 &hellip; <\/p>\n<p class=\"link-more\"><a href=\"https:\/\/yanntrebaol.fr\/musicien\/index.php\/chansons-enregistrees-b-59-pure-rock\/\" class=\"more-link\">Continuer la lecture<span class=\"screen-reader-text\"> de &laquo;&nbsp;MORCEAUX ENREGISTRES B 59 PURE ROCK !&nbsp;&raquo;<\/span><\/a><\/p>\n","protected":false},"author":1,"featured_media":0,"parent":0,"menu_order":0,"comment_status":"closed","ping_status":"closed","template":"","meta":{"footnotes":""},"class_list":["post-107","page","type-page","status-publish","hentry"],"yoast_head":"<!-- This site is optimized with the Yoast SEO plugin v27.5 - https:\/\/yoast.com\/product\/yoast-seo-wordpress\/ -->\n<title>MORCEAUX ENREGISTRES B 59 PURE ROCK ! - Yann TREBAOL - MUSICIEN<\/title>\n<meta name=\"robots\" content=\"index, follow, max-snippet:-1, max-image-preview:large, max-video-preview:-1\" \/>\n<link rel=\"canonical\" href=\"https:\/\/yanntrebaol.fr\/musicien\/index.php\/chansons-enregistrees-b-59-pure-rock\/\" \/>\n<meta property=\"og:locale\" content=\"fr_FR\" \/>\n<meta property=\"og:type\" content=\"article\" \/>\n<meta property=\"og:title\" content=\"MORCEAUX ENREGISTRES B 59 PURE ROCK ! - Yann TREBAOL - MUSICIEN\" \/>\n<meta property=\"og:description\" content=\"B59 PURE ROCK&nbsp;! est n\u00e9 en 2016, d\u2019une rencontre entre deux amis guitaristes de Saint-Mandrier&nbsp;: Yann et Jim, \u00e0 l\u2019univers musical tr\u00e8s proche (Led Zeppelin, Deep Purple, Black Sabbath, Cream, AC\/DC, Trust, Creedence et tant d\u2019autres\u2026). B59 PURE ROCK&nbsp;! comme \u00ab&nbsp;Birthday year 1959&nbsp;\u00bb, l\u2019ann\u00e9e de naissance commune de nos deux comp\u00e8res. Apr\u00e8s avoir commenc\u00e9 \u00e0 &hellip; Continuer la lecture de &laquo;&nbsp;MORCEAUX ENREGISTRES B 59 PURE ROCK !&nbsp;&raquo;\" \/>\n<meta property=\"og:url\" content=\"https:\/\/yanntrebaol.fr\/musicien\/index.php\/chansons-enregistrees-b-59-pure-rock\/\" \/>\n<meta property=\"og:site_name\" content=\"Yann TREBAOL - MUSICIEN\" \/>\n<meta property=\"article:modified_time\" content=\"2020-11-03T12:22:12+00:00\" \/>\n<meta property=\"og:image\" content=\"http:\/\/yanntrebaol.fr\/musicien\/wp-content\/uploads\/2020\/10\/music-1284505_1920.jpg\" \/>\n<meta name=\"twitter:card\" content=\"summary_large_image\" \/>\n<meta name=\"twitter:label1\" content=\"Dur\u00e9e de lecture estim\u00e9e\" \/>\n\t<meta name=\"twitter:data1\" content=\"1 minute\" \/>\n<script type=\"application\/ld+json\" class=\"yoast-schema-graph\">{\"@context\":\"https:\\\/\\\/schema.org\",\"@graph\":[{\"@type\":\"WebPage\",\"@id\":\"https:\\\/\\\/yanntrebaol.fr\\\/musicien\\\/index.php\\\/chansons-enregistrees-b-59-pure-rock\\\/\",\"url\":\"https:\\\/\\\/yanntrebaol.fr\\\/musicien\\\/index.php\\\/chansons-enregistrees-b-59-pure-rock\\\/\",\"name\":\"MORCEAUX ENREGISTRES B 59 PURE ROCK ! - Yann TREBAOL - MUSICIEN\",\"isPartOf\":{\"@id\":\"https:\\\/\\\/yanntrebaol.fr\\\/musicien\\\/#website\"},\"primaryImageOfPage\":{\"@id\":\"https:\\\/\\\/yanntrebaol.fr\\\/musicien\\\/index.php\\\/chansons-enregistrees-b-59-pure-rock\\\/#primaryimage\"},\"image\":{\"@id\":\"https:\\\/\\\/yanntrebaol.fr\\\/musicien\\\/index.php\\\/chansons-enregistrees-b-59-pure-rock\\\/#primaryimage\"},\"thumbnailUrl\":\"http:\\\/\\\/yanntrebaol.fr\\\/musicien\\\/wp-content\\\/uploads\\\/2020\\\/10\\\/music-1284505_1920.jpg\",\"datePublished\":\"2020-10-21T11:51:33+00:00\",\"dateModified\":\"2020-11-03T12:22:12+00:00\",\"breadcrumb\":{\"@id\":\"https:\\\/\\\/yanntrebaol.fr\\\/musicien\\\/index.php\\\/chansons-enregistrees-b-59-pure-rock\\\/#breadcrumb\"},\"inLanguage\":\"fr-FR\",\"potentialAction\":[{\"@type\":\"ReadAction\",\"target\":[\"https:\\\/\\\/yanntrebaol.fr\\\/musicien\\\/index.php\\\/chansons-enregistrees-b-59-pure-rock\\\/\"]}]},{\"@type\":\"ImageObject\",\"inLanguage\":\"fr-FR\",\"@id\":\"https:\\\/\\\/yanntrebaol.fr\\\/musicien\\\/index.php\\\/chansons-enregistrees-b-59-pure-rock\\\/#primaryimage\",\"url\":\"https:\\\/\\\/yanntrebaol.fr\\\/musicien\\\/wp-content\\\/uploads\\\/2020\\\/10\\\/music-1284505_1920.jpg\",\"contentUrl\":\"https:\\\/\\\/yanntrebaol.fr\\\/musicien\\\/wp-content\\\/uploads\\\/2020\\\/10\\\/music-1284505_1920.jpg\",\"width\":1920,\"height\":1276},{\"@type\":\"BreadcrumbList\",\"@id\":\"https:\\\/\\\/yanntrebaol.fr\\\/musicien\\\/index.php\\\/chansons-enregistrees-b-59-pure-rock\\\/#breadcrumb\",\"itemListElement\":[{\"@type\":\"ListItem\",\"position\":1,\"name\":\"Accueil\",\"item\":\"https:\\\/\\\/yanntrebaol.fr\\\/musicien\\\/\"},{\"@type\":\"ListItem\",\"position\":2,\"name\":\"MORCEAUX ENREGISTRES B 59 PURE ROCK !\"}]},{\"@type\":\"WebSite\",\"@id\":\"https:\\\/\\\/yanntrebaol.fr\\\/musicien\\\/#website\",\"url\":\"https:\\\/\\\/yanntrebaol.fr\\\/musicien\\\/\",\"name\":\"Yann TREBAOL - MUSICIEN\",\"description\":\"Un Blog de partage amical de la musique\",\"potentialAction\":[{\"@type\":\"SearchAction\",\"target\":{\"@type\":\"EntryPoint\",\"urlTemplate\":\"https:\\\/\\\/yanntrebaol.fr\\\/musicien\\\/?s={search_term_string}\"},\"query-input\":{\"@type\":\"PropertyValueSpecification\",\"valueRequired\":true,\"valueName\":\"search_term_string\"}}],\"inLanguage\":\"fr-FR\"}]}<\/script>\n<!-- \/ Yoast SEO plugin. -->","yoast_head_json":{"title":"MORCEAUX ENREGISTRES B 59 PURE ROCK ! - Yann TREBAOL - MUSICIEN","robots":{"index":"index","follow":"follow","max-snippet":"max-snippet:-1","max-image-preview":"max-image-preview:large","max-video-preview":"max-video-preview:-1"},"canonical":"https:\/\/yanntrebaol.fr\/musicien\/index.php\/chansons-enregistrees-b-59-pure-rock\/","og_locale":"fr_FR","og_type":"article","og_title":"MORCEAUX ENREGISTRES B 59 PURE ROCK ! - Yann TREBAOL - MUSICIEN","og_description":"B59 PURE ROCK&nbsp;! est n\u00e9 en 2016, d\u2019une rencontre entre deux amis guitaristes de Saint-Mandrier&nbsp;: Yann et Jim, \u00e0 l\u2019univers musical tr\u00e8s proche (Led Zeppelin, Deep Purple, Black Sabbath, Cream, AC\/DC, Trust, Creedence et tant d\u2019autres\u2026). B59 PURE ROCK&nbsp;! comme \u00ab&nbsp;Birthday year 1959&nbsp;\u00bb, l\u2019ann\u00e9e de naissance commune de nos deux comp\u00e8res. Apr\u00e8s avoir commenc\u00e9 \u00e0 &hellip; Continuer la lecture de &laquo;&nbsp;MORCEAUX ENREGISTRES B 59 PURE ROCK !&nbsp;&raquo;","og_url":"https:\/\/yanntrebaol.fr\/musicien\/index.php\/chansons-enregistrees-b-59-pure-rock\/","og_site_name":"Yann TREBAOL - MUSICIEN","article_modified_time":"2020-11-03T12:22:12+00:00","og_image":[{"url":"http:\/\/yanntrebaol.fr\/musicien\/wp-content\/uploads\/2020\/10\/music-1284505_1920.jpg","type":"","width":"","height":""}],"twitter_card":"summary_large_image","twitter_misc":{"Dur\u00e9e de lecture estim\u00e9e":"1 minute"},"schema":{"@context":"https:\/\/schema.org","@graph":[{"@type":"WebPage","@id":"https:\/\/yanntrebaol.fr\/musicien\/index.php\/chansons-enregistrees-b-59-pure-rock\/","url":"https:\/\/yanntrebaol.fr\/musicien\/index.php\/chansons-enregistrees-b-59-pure-rock\/","name":"MORCEAUX ENREGISTRES B 59 PURE ROCK ! - Yann TREBAOL - MUSICIEN","isPartOf":{"@id":"https:\/\/yanntrebaol.fr\/musicien\/#website"},"primaryImageOfPage":{"@id":"https:\/\/yanntrebaol.fr\/musicien\/index.php\/chansons-enregistrees-b-59-pure-rock\/#primaryimage"},"image":{"@id":"https:\/\/yanntrebaol.fr\/musicien\/index.php\/chansons-enregistrees-b-59-pure-rock\/#primaryimage"},"thumbnailUrl":"http:\/\/yanntrebaol.fr\/musicien\/wp-content\/uploads\/2020\/10\/music-1284505_1920.jpg","datePublished":"2020-10-21T11:51:33+00:00","dateModified":"2020-11-03T12:22:12+00:00","breadcrumb":{"@id":"https:\/\/yanntrebaol.fr\/musicien\/index.php\/chansons-enregistrees-b-59-pure-rock\/#breadcrumb"},"inLanguage":"fr-FR","potentialAction":[{"@type":"ReadAction","target":["https:\/\/yanntrebaol.fr\/musicien\/index.php\/chansons-enregistrees-b-59-pure-rock\/"]}]},{"@type":"ImageObject","inLanguage":"fr-FR","@id":"https:\/\/yanntrebaol.fr\/musicien\/index.php\/chansons-enregistrees-b-59-pure-rock\/#primaryimage","url":"https:\/\/yanntrebaol.fr\/musicien\/wp-content\/uploads\/2020\/10\/music-1284505_1920.jpg","contentUrl":"https:\/\/yanntrebaol.fr\/musicien\/wp-content\/uploads\/2020\/10\/music-1284505_1920.jpg","width":1920,"height":1276},{"@type":"BreadcrumbList","@id":"https:\/\/yanntrebaol.fr\/musicien\/index.php\/chansons-enregistrees-b-59-pure-rock\/#breadcrumb","itemListElement":[{"@type":"ListItem","position":1,"name":"Accueil","item":"https:\/\/yanntrebaol.fr\/musicien\/"},{"@type":"ListItem","position":2,"name":"MORCEAUX ENREGISTRES B 59 PURE ROCK !"}]},{"@type":"WebSite","@id":"https:\/\/yanntrebaol.fr\/musicien\/#website","url":"https:\/\/yanntrebaol.fr\/musicien\/","name":"Yann TREBAOL - MUSICIEN","description":"Un Blog de partage amical de la musique","potentialAction":[{"@type":"SearchAction","target":{"@type":"EntryPoint","urlTemplate":"https:\/\/yanntrebaol.fr\/musicien\/?s={search_term_string}"},"query-input":{"@type":"PropertyValueSpecification","valueRequired":true,"valueName":"search_term_string"}}],"inLanguage":"fr-FR"}]}},"_links":{"self":[{"href":"https:\/\/yanntrebaol.fr\/musicien\/index.php\/wp-json\/wp\/v2\/pages\/107","targetHints":{"allow":["GET"]}}],"collection":[{"href":"https:\/\/yanntrebaol.fr\/musicien\/index.php\/wp-json\/wp\/v2\/pages"}],"about":[{"href":"https:\/\/yanntrebaol.fr\/musicien\/index.php\/wp-json\/wp\/v2\/types\/page"}],"author":[{"embeddable":true,"href":"https:\/\/yanntrebaol.fr\/musicien\/index.php\/wp-json\/wp\/v2\/users\/1"}],"replies":[{"embeddable":true,"href":"https:\/\/yanntrebaol.fr\/musicien\/index.php\/wp-json\/wp\/v2\/comments?post=107"}],"version-history":[{"count":3,"href":"https:\/\/yanntrebaol.fr\/musicien\/index.php\/wp-json\/wp\/v2\/pages\/107\/revisions"}],"predecessor-version":[{"id":229,"href":"https:\/\/yanntrebaol.fr\/musicien\/index.php\/wp-json\/wp\/v2\/pages\/107\/revisions\/229"}],"wp:attachment":[{"href":"https:\/\/yanntrebaol.fr\/musicien\/index.php\/wp-json\/wp\/v2\/media?parent=107"}],"curies":[{"name":"wp","href":"https:\/\/api.w.org\/{rel}","templated":true}]}}