{"id":14,"date":"2020-10-17T23:04:30","date_gmt":"2020-10-17T21:04:30","guid":{"rendered":"http:\/\/yanntrebaol.fr\/musicien\/?page_id=14"},"modified":"2020-11-02T13:25:08","modified_gmt":"2020-11-02T12:25:08","slug":"accueil","status":"publish","type":"page","link":"https:\/\/yanntrebaol.fr\/musicien\/","title":{"rendered":"Accueil"},"content":{"rendered":"\n<p><\/p>\n\n\n\n<div class=\"wp-block-media-text alignwide is-stacked-on-mobile\"><figure class=\"wp-block-media-text__media\"><img fetchpriority=\"high\" decoding=\"async\" width=\"3034\" height=\"2275\" src=\"http:\/\/yanntrebaol.fr\/musicien\/wp-content\/uploads\/2020\/10\/IMG_3738Edited.jpg\" alt=\"\" class=\"wp-image-38\"\/><\/figure><div class=\"wp-block-media-text__content\">\n<p class=\"has-large-font-size\"><sub><em><span class=\"has-inline-color has-vivid-purple-color\">Merci de votre visite sur ce blog.<\/span><\/em><\/sub><\/p>\n<\/div><\/div>\n\n\n\n<p>Bienvenue dans mon univers musical dans lequel la distorsion et le Bend ne sont jamais tr\u00e8s \u00e9loign\u00e9s l&rsquo;un de l&rsquo;autre. J&rsquo;ai compos\u00e9 toutes les musiques que vous pouvez \u00e9couter ici ainsi que les textes des morceaux. Je suis un autodidacte qui aime le Rock pur, version \u00ab\u00a0Plug &amp; Play\u00a0\u00bb, et souhaite le faire partager m\u00eame si, parfois, quelques effets apportent un plus au morceau.<\/p>\n\n\n\n<p>Je travaille mes enregistrements sur Cubase avec Addictive drums et Guitar Rig.<\/p>\n\n\n\n<p>Lorsque les morceaux sont estampill\u00e9s B 59 PURE ROCK ! c&rsquo;est que mon pote Jim ( Jean-Marie Hebette ), lead guitar du groupe, a fait les solos et particip\u00e9 \u00e0 leur conceptions. <\/p>\n\n\n\n<p>Je vous souhaite une belle promenade dans les d\u00e9dales de ce blog, prenez le temps de fl\u00e2ner.<br>Je ne peux que vous conseiller une \u00e9coute des morceaux au casque.<\/p>\n\n\n\n<figure class=\"wp-block-image size-large\"><img decoding=\"async\" width=\"1920\" height=\"1282\" src=\"http:\/\/yanntrebaol.fr\/musicien\/wp-content\/uploads\/2020\/10\/headphone-3085681_1920.jpg\" alt=\"\" class=\"wp-image-89\"\/><figcaption>Image par <a href=\"https:\/\/pixabay.com\/fr\/users\/cegoh-94852\/?utm_source=link-attribution&amp;utm_medium=referral&amp;utm_campaign=image&amp;utm_content=3085681\">Jason Goh<\/a> de <a href=\"https:\/\/pixabay.com\/fr\/?utm_source=link-attribution&amp;utm_medium=referral&amp;utm_campaign=image&amp;utm_content=3085681\">Pixabay<\/a><\/figcaption><\/figure>\n\n\n\n<p><\/p>\n","protected":false},"excerpt":{"rendered":"<p>Merci de votre visite sur ce blog. Bienvenue dans mon univers musical dans lequel la distorsion et le Bend ne sont jamais tr\u00e8s \u00e9loign\u00e9s l&rsquo;un de l&rsquo;autre. J&rsquo;ai compos\u00e9 toutes les musiques que vous pouvez \u00e9couter ici ainsi que les textes des morceaux. Je suis un autodidacte qui aime le Rock pur, version \u00ab\u00a0Plug &amp; &hellip; <\/p>\n<p class=\"link-more\"><a href=\"https:\/\/yanntrebaol.fr\/musicien\/\" class=\"more-link\">Continuer la lecture<span class=\"screen-reader-text\"> de &laquo;&nbsp;Accueil&nbsp;&raquo;<\/span><\/a><\/p>\n","protected":false},"author":1,"featured_media":0,"parent":0,"menu_order":0,"comment_status":"closed","ping_status":"closed","template":"","meta":{"footnotes":""},"class_list":["post-14","page","type-page","status-publish","hentry"],"yoast_head":"<!-- This site is optimized with the Yoast SEO plugin v27.3 - https:\/\/yoast.com\/product\/yoast-seo-wordpress\/ -->\n<title>Accueil - Yann TREBAOL - MUSICIEN<\/title>\n<meta name=\"robots\" content=\"index, follow, max-snippet:-1, max-image-preview:large, max-video-preview:-1\" \/>\n<link rel=\"canonical\" href=\"https:\/\/yanntrebaol.fr\/musicien\/\" \/>\n<meta property=\"og:locale\" content=\"fr_FR\" \/>\n<meta property=\"og:type\" content=\"article\" \/>\n<meta property=\"og:title\" content=\"Accueil - Yann TREBAOL - MUSICIEN\" \/>\n<meta property=\"og:description\" content=\"Merci de votre visite sur ce blog. Bienvenue dans mon univers musical dans lequel la distorsion et le Bend ne sont jamais tr\u00e8s \u00e9loign\u00e9s l&rsquo;un de l&rsquo;autre. J&rsquo;ai compos\u00e9 toutes les musiques que vous pouvez \u00e9couter ici ainsi que les textes des morceaux. Je suis un autodidacte qui aime le Rock pur, version \u00ab\u00a0Plug &amp; &hellip; Continuer la lecture de &laquo;&nbsp;Accueil&nbsp;&raquo;\" \/>\n<meta property=\"og:url\" content=\"https:\/\/yanntrebaol.fr\/musicien\/\" \/>\n<meta property=\"og:site_name\" content=\"Yann TREBAOL - MUSICIEN\" \/>\n<meta property=\"article:modified_time\" content=\"2020-11-02T12:25:08+00:00\" \/>\n<meta property=\"og:image\" content=\"http:\/\/yanntrebaol.fr\/musicien\/wp-content\/uploads\/2020\/10\/IMG_3738Edited.jpg\" \/>\n<meta name=\"twitter:card\" content=\"summary_large_image\" \/>\n<meta name=\"twitter:label1\" content=\"Dur\u00e9e de lecture estim\u00e9e\" \/>\n\t<meta name=\"twitter:data1\" content=\"1 minute\" \/>\n<script type=\"application\/ld+json\" class=\"yoast-schema-graph\">{\"@context\":\"https:\\\/\\\/schema.org\",\"@graph\":[{\"@type\":\"WebPage\",\"@id\":\"https:\\\/\\\/yanntrebaol.fr\\\/musicien\\\/\",\"url\":\"https:\\\/\\\/yanntrebaol.fr\\\/musicien\\\/\",\"name\":\"Accueil - Yann TREBAOL - MUSICIEN\",\"isPartOf\":{\"@id\":\"https:\\\/\\\/yanntrebaol.fr\\\/musicien\\\/#website\"},\"primaryImageOfPage\":{\"@id\":\"https:\\\/\\\/yanntrebaol.fr\\\/musicien\\\/#primaryimage\"},\"image\":{\"@id\":\"https:\\\/\\\/yanntrebaol.fr\\\/musicien\\\/#primaryimage\"},\"thumbnailUrl\":\"http:\\\/\\\/yanntrebaol.fr\\\/musicien\\\/wp-content\\\/uploads\\\/2020\\\/10\\\/IMG_3738Edited.jpg\",\"datePublished\":\"2020-10-17T21:04:30+00:00\",\"dateModified\":\"2020-11-02T12:25:08+00:00\",\"breadcrumb\":{\"@id\":\"https:\\\/\\\/yanntrebaol.fr\\\/musicien\\\/#breadcrumb\"},\"inLanguage\":\"fr-FR\",\"potentialAction\":[{\"@type\":\"ReadAction\",\"target\":[\"https:\\\/\\\/yanntrebaol.fr\\\/musicien\\\/\"]}]},{\"@type\":\"ImageObject\",\"inLanguage\":\"fr-FR\",\"@id\":\"https:\\\/\\\/yanntrebaol.fr\\\/musicien\\\/#primaryimage\",\"url\":\"https:\\\/\\\/yanntrebaol.fr\\\/musicien\\\/wp-content\\\/uploads\\\/2020\\\/10\\\/IMG_3738Edited.jpg\",\"contentUrl\":\"https:\\\/\\\/yanntrebaol.fr\\\/musicien\\\/wp-content\\\/uploads\\\/2020\\\/10\\\/IMG_3738Edited.jpg\",\"width\":3034,\"height\":2275},{\"@type\":\"BreadcrumbList\",\"@id\":\"https:\\\/\\\/yanntrebaol.fr\\\/musicien\\\/#breadcrumb\",\"itemListElement\":[{\"@type\":\"ListItem\",\"position\":1,\"name\":\"Accueil\",\"item\":\"https:\\\/\\\/yanntrebaol.fr\\\/musicien\\\/\"},{\"@type\":\"ListItem\",\"position\":2,\"name\":\"Accueil\"}]},{\"@type\":\"WebSite\",\"@id\":\"https:\\\/\\\/yanntrebaol.fr\\\/musicien\\\/#website\",\"url\":\"https:\\\/\\\/yanntrebaol.fr\\\/musicien\\\/\",\"name\":\"Yann TREBAOL - MUSICIEN\",\"description\":\"Un Blog de partage amical de la musique\",\"potentialAction\":[{\"@type\":\"SearchAction\",\"target\":{\"@type\":\"EntryPoint\",\"urlTemplate\":\"https:\\\/\\\/yanntrebaol.fr\\\/musicien\\\/?s={search_term_string}\"},\"query-input\":{\"@type\":\"PropertyValueSpecification\",\"valueRequired\":true,\"valueName\":\"search_term_string\"}}],\"inLanguage\":\"fr-FR\"}]}<\/script>\n<!-- \/ Yoast SEO plugin. -->","yoast_head_json":{"title":"Accueil - Yann TREBAOL - MUSICIEN","robots":{"index":"index","follow":"follow","max-snippet":"max-snippet:-1","max-image-preview":"max-image-preview:large","max-video-preview":"max-video-preview:-1"},"canonical":"https:\/\/yanntrebaol.fr\/musicien\/","og_locale":"fr_FR","og_type":"article","og_title":"Accueil - Yann TREBAOL - MUSICIEN","og_description":"Merci de votre visite sur ce blog. Bienvenue dans mon univers musical dans lequel la distorsion et le Bend ne sont jamais tr\u00e8s \u00e9loign\u00e9s l&rsquo;un de l&rsquo;autre. J&rsquo;ai compos\u00e9 toutes les musiques que vous pouvez \u00e9couter ici ainsi que les textes des morceaux. Je suis un autodidacte qui aime le Rock pur, version \u00ab\u00a0Plug &amp; &hellip; Continuer la lecture de &laquo;&nbsp;Accueil&nbsp;&raquo;","og_url":"https:\/\/yanntrebaol.fr\/musicien\/","og_site_name":"Yann TREBAOL - MUSICIEN","article_modified_time":"2020-11-02T12:25:08+00:00","og_image":[{"url":"http:\/\/yanntrebaol.fr\/musicien\/wp-content\/uploads\/2020\/10\/IMG_3738Edited.jpg","type":"","width":"","height":""}],"twitter_card":"summary_large_image","twitter_misc":{"Dur\u00e9e de lecture estim\u00e9e":"1 minute"},"schema":{"@context":"https:\/\/schema.org","@graph":[{"@type":"WebPage","@id":"https:\/\/yanntrebaol.fr\/musicien\/","url":"https:\/\/yanntrebaol.fr\/musicien\/","name":"Accueil - Yann TREBAOL - MUSICIEN","isPartOf":{"@id":"https:\/\/yanntrebaol.fr\/musicien\/#website"},"primaryImageOfPage":{"@id":"https:\/\/yanntrebaol.fr\/musicien\/#primaryimage"},"image":{"@id":"https:\/\/yanntrebaol.fr\/musicien\/#primaryimage"},"thumbnailUrl":"http:\/\/yanntrebaol.fr\/musicien\/wp-content\/uploads\/2020\/10\/IMG_3738Edited.jpg","datePublished":"2020-10-17T21:04:30+00:00","dateModified":"2020-11-02T12:25:08+00:00","breadcrumb":{"@id":"https:\/\/yanntrebaol.fr\/musicien\/#breadcrumb"},"inLanguage":"fr-FR","potentialAction":[{"@type":"ReadAction","target":["https:\/\/yanntrebaol.fr\/musicien\/"]}]},{"@type":"ImageObject","inLanguage":"fr-FR","@id":"https:\/\/yanntrebaol.fr\/musicien\/#primaryimage","url":"https:\/\/yanntrebaol.fr\/musicien\/wp-content\/uploads\/2020\/10\/IMG_3738Edited.jpg","contentUrl":"https:\/\/yanntrebaol.fr\/musicien\/wp-content\/uploads\/2020\/10\/IMG_3738Edited.jpg","width":3034,"height":2275},{"@type":"BreadcrumbList","@id":"https:\/\/yanntrebaol.fr\/musicien\/#breadcrumb","itemListElement":[{"@type":"ListItem","position":1,"name":"Accueil","item":"https:\/\/yanntrebaol.fr\/musicien\/"},{"@type":"ListItem","position":2,"name":"Accueil"}]},{"@type":"WebSite","@id":"https:\/\/yanntrebaol.fr\/musicien\/#website","url":"https:\/\/yanntrebaol.fr\/musicien\/","name":"Yann TREBAOL - MUSICIEN","description":"Un Blog de partage amical de la musique","potentialAction":[{"@type":"SearchAction","target":{"@type":"EntryPoint","urlTemplate":"https:\/\/yanntrebaol.fr\/musicien\/?s={search_term_string}"},"query-input":{"@type":"PropertyValueSpecification","valueRequired":true,"valueName":"search_term_string"}}],"inLanguage":"fr-FR"}]}},"_links":{"self":[{"href":"https:\/\/yanntrebaol.fr\/musicien\/index.php\/wp-json\/wp\/v2\/pages\/14","targetHints":{"allow":["GET"]}}],"collection":[{"href":"https:\/\/yanntrebaol.fr\/musicien\/index.php\/wp-json\/wp\/v2\/pages"}],"about":[{"href":"https:\/\/yanntrebaol.fr\/musicien\/index.php\/wp-json\/wp\/v2\/types\/page"}],"author":[{"embeddable":true,"href":"https:\/\/yanntrebaol.fr\/musicien\/index.php\/wp-json\/wp\/v2\/users\/1"}],"replies":[{"embeddable":true,"href":"https:\/\/yanntrebaol.fr\/musicien\/index.php\/wp-json\/wp\/v2\/comments?post=14"}],"version-history":[{"count":4,"href":"https:\/\/yanntrebaol.fr\/musicien\/index.php\/wp-json\/wp\/v2\/pages\/14\/revisions"}],"predecessor-version":[{"id":185,"href":"https:\/\/yanntrebaol.fr\/musicien\/index.php\/wp-json\/wp\/v2\/pages\/14\/revisions\/185"}],"wp:attachment":[{"href":"https:\/\/yanntrebaol.fr\/musicien\/index.php\/wp-json\/wp\/v2\/media?parent=14"}],"curies":[{"name":"wp","href":"https:\/\/api.w.org\/{rel}","templated":true}]}}