{"id":474,"date":"2020-12-11T23:08:15","date_gmt":"2020-12-11T22:08:15","guid":{"rendered":"http:\/\/yanntrebaol.fr\/musicien\/?page_id=474"},"modified":"2020-12-13T08:17:52","modified_gmt":"2020-12-13T07:17:52","slug":"anecdotes","status":"publish","type":"page","link":"https:\/\/yanntrebaol.fr\/musicien\/index.php\/anecdotes\/","title":{"rendered":"ANECDOTES ET HUMEURS"},"content":{"rendered":"\t\t<div data-elementor-type=\"wp-page\" data-elementor-id=\"474\" class=\"elementor elementor-474\">\n\t\t\t\t\t\t<section class=\"elementor-section elementor-top-section elementor-element elementor-element-fbb01c6 elementor-section-boxed elementor-section-height-default elementor-section-height-default\" data-id=\"fbb01c6\" data-element_type=\"section\" data-e-type=\"section\">\n\t\t\t\t\t\t<div class=\"elementor-container elementor-column-gap-default\">\n\t\t\t\t\t<div class=\"elementor-column elementor-col-100 elementor-top-column elementor-element elementor-element-3bafbd2\" data-id=\"3bafbd2\" data-element_type=\"column\" data-e-type=\"column\">\n\t\t\t<div class=\"elementor-widget-wrap elementor-element-populated\">\n\t\t\t\t\t\t<div class=\"elementor-element elementor-element-9180a6a elementor-widget elementor-widget-image\" data-id=\"9180a6a\" data-element_type=\"widget\" data-e-type=\"widget\" data-widget_type=\"image.default\">\n\t\t\t\t<div class=\"elementor-widget-container\">\n\t\t\t\t\t\t\t\t\t\t\t\t<figure class=\"wp-caption\">\n\t\t\t\t\t\t\t\t\t\t<img fetchpriority=\"high\" decoding=\"async\" width=\"740\" height=\"494\" src=\"https:\/\/yanntrebaol.fr\/musicien\/wp-content\/uploads\/2020\/12\/dslr-2308202_1920-1024x683.jpg\" class=\"attachment-large size-large wp-image-476\" alt=\"\" srcset=\"https:\/\/yanntrebaol.fr\/musicien\/wp-content\/uploads\/2020\/12\/dslr-2308202_1920-1024x683.jpg 1024w, https:\/\/yanntrebaol.fr\/musicien\/wp-content\/uploads\/2020\/12\/dslr-2308202_1920-300x200.jpg 300w, https:\/\/yanntrebaol.fr\/musicien\/wp-content\/uploads\/2020\/12\/dslr-2308202_1920-768x512.jpg 768w, https:\/\/yanntrebaol.fr\/musicien\/wp-content\/uploads\/2020\/12\/dslr-2308202_1920-1536x1025.jpg 1536w, https:\/\/yanntrebaol.fr\/musicien\/wp-content\/uploads\/2020\/12\/dslr-2308202_1920.jpg 1920w\" sizes=\"100vw\" \/>\t\t\t\t\t\t\t\t\t\t\t<figcaption class=\"widget-image-caption wp-caption-text\">Image par <a href=\"https:\/\/pixabay.com\/fr\/users\/www_slon_pics-5203613\/?utm_source=link-attribution&amp;utm_medium=referral&amp;utm_campaign=image&amp;utm_content=2308202\">www_slon_pics<\/a> de <a href=\"https:\/\/pixabay.com\/fr\/?utm_source=link-attribution&amp;utm_medium=referral&amp;utm_campaign=image&amp;utm_content=2308202\">Pixabay<\/a><\/figcaption>\n\t\t\t\t\t\t\t\t\t\t<\/figure>\n\t\t\t\t\t\t\t\t\t<\/div>\n\t\t\t\t<\/div>\n\t\t\t\t\t<\/div>\n\t\t<\/div>\n\t\t\t\t\t<\/div>\n\t\t<\/section>\n\t\t\t\t<section class=\"elementor-section elementor-top-section elementor-element elementor-element-64d5b6a elementor-section-boxed elementor-section-height-default elementor-section-height-default\" data-id=\"64d5b6a\" data-element_type=\"section\" data-e-type=\"section\">\n\t\t\t\t\t\t<div class=\"elementor-container elementor-column-gap-default\">\n\t\t\t\t\t<div class=\"elementor-column elementor-col-100 elementor-top-column elementor-element elementor-element-a8e6978\" data-id=\"a8e6978\" data-element_type=\"column\" data-e-type=\"column\">\n\t\t\t<div class=\"elementor-widget-wrap elementor-element-populated\">\n\t\t\t\t\t\t<div class=\"elementor-element elementor-element-30e113f elementor-widget elementor-widget-text-editor\" data-id=\"30e113f\" data-element_type=\"widget\" data-e-type=\"widget\" data-widget_type=\"text-editor.default\">\n\t\t\t\t<div class=\"elementor-widget-container\">\n\t\t\t\t\t\t\t\t\t<p>Cette rubrique devrait \u00eatre vivante et se charger au fil des mois, des r\u00e9p\u00e9titions, des enregistrements studio et des concerts bien-s\u00fbr ! Mais \u00e9galement, au fil de mes humeurs, de mes rencontres, de mes \u00e9motions. Je partagerai les petits d\u00e9tails qui peuvent rendre une journ\u00e9e formidable ou simplement vous la pourrir tranquillement&#8230; Mais je vous promets de conserver ma bonne humeur car je reste, naturellement, un grand optimiste de la vie!<\/p>\t\t\t\t\t\t\t\t<\/div>\n\t\t\t\t<\/div>\n\t\t\t\t\t<\/div>\n\t\t<\/div>\n\t\t\t\t\t<\/div>\n\t\t<\/section>\n\t\t\t\t<\/div>\n\t\t","protected":false},"excerpt":{"rendered":"<p>Image par www_slon_pics de Pixabay Cette rubrique devrait \u00eatre vivante et se charger au fil des mois, des r\u00e9p\u00e9titions, des enregistrements studio et des concerts bien-s\u00fbr ! Mais \u00e9galement, au fil de mes humeurs, de mes rencontres, de mes \u00e9motions. Je partagerai les petits d\u00e9tails qui peuvent rendre une journ\u00e9e formidable ou simplement vous la &hellip; <\/p>\n<p class=\"link-more\"><a href=\"https:\/\/yanntrebaol.fr\/musicien\/index.php\/anecdotes\/\" class=\"more-link\">Continuer la lecture<span class=\"screen-reader-text\"> de &laquo;&nbsp;ANECDOTES ET HUMEURS&nbsp;&raquo;<\/span><\/a><\/p>\n","protected":false},"author":1,"featured_media":0,"parent":0,"menu_order":0,"comment_status":"closed","ping_status":"closed","template":"","meta":{"footnotes":""},"class_list":["post-474","page","type-page","status-publish","hentry"],"yoast_head":"<!-- This site is optimized with the Yoast SEO plugin v27.5 - https:\/\/yoast.com\/product\/yoast-seo-wordpress\/ -->\n<title>ANECDOTES ET HUMEURS - Yann TREBAOL - MUSICIEN<\/title>\n<meta name=\"robots\" content=\"index, follow, max-snippet:-1, max-image-preview:large, max-video-preview:-1\" \/>\n<link rel=\"canonical\" href=\"https:\/\/yanntrebaol.fr\/musicien\/index.php\/anecdotes\/\" \/>\n<meta property=\"og:locale\" content=\"fr_FR\" \/>\n<meta property=\"og:type\" content=\"article\" \/>\n<meta property=\"og:title\" content=\"ANECDOTES ET HUMEURS - Yann TREBAOL - MUSICIEN\" \/>\n<meta property=\"og:description\" content=\"Image par www_slon_pics de Pixabay Cette rubrique devrait \u00eatre vivante et se charger au fil des mois, des r\u00e9p\u00e9titions, des enregistrements studio et des concerts bien-s\u00fbr ! Mais \u00e9galement, au fil de mes humeurs, de mes rencontres, de mes \u00e9motions. Je partagerai les petits d\u00e9tails qui peuvent rendre une journ\u00e9e formidable ou simplement vous la &hellip; Continuer la lecture de &laquo;&nbsp;ANECDOTES ET HUMEURS&nbsp;&raquo;\" \/>\n<meta property=\"og:url\" content=\"https:\/\/yanntrebaol.fr\/musicien\/index.php\/anecdotes\/\" \/>\n<meta property=\"og:site_name\" content=\"Yann TREBAOL - MUSICIEN\" \/>\n<meta property=\"article:modified_time\" content=\"2020-12-13T07:17:52+00:00\" \/>\n<meta property=\"og:image\" content=\"http:\/\/yanntrebaol.fr\/musicien\/wp-content\/uploads\/2020\/12\/dslr-2308202_1920-1024x683.jpg\" \/>\n<meta name=\"twitter:card\" content=\"summary_large_image\" \/>\n<script type=\"application\/ld+json\" class=\"yoast-schema-graph\">{\"@context\":\"https:\\\/\\\/schema.org\",\"@graph\":[{\"@type\":\"WebPage\",\"@id\":\"https:\\\/\\\/yanntrebaol.fr\\\/musicien\\\/index.php\\\/anecdotes\\\/\",\"url\":\"https:\\\/\\\/yanntrebaol.fr\\\/musicien\\\/index.php\\\/anecdotes\\\/\",\"name\":\"ANECDOTES ET HUMEURS - Yann TREBAOL - MUSICIEN\",\"isPartOf\":{\"@id\":\"https:\\\/\\\/yanntrebaol.fr\\\/musicien\\\/#website\"},\"primaryImageOfPage\":{\"@id\":\"https:\\\/\\\/yanntrebaol.fr\\\/musicien\\\/index.php\\\/anecdotes\\\/#primaryimage\"},\"image\":{\"@id\":\"https:\\\/\\\/yanntrebaol.fr\\\/musicien\\\/index.php\\\/anecdotes\\\/#primaryimage\"},\"thumbnailUrl\":\"http:\\\/\\\/yanntrebaol.fr\\\/musicien\\\/wp-content\\\/uploads\\\/2020\\\/12\\\/dslr-2308202_1920-1024x683.jpg\",\"datePublished\":\"2020-12-11T22:08:15+00:00\",\"dateModified\":\"2020-12-13T07:17:52+00:00\",\"breadcrumb\":{\"@id\":\"https:\\\/\\\/yanntrebaol.fr\\\/musicien\\\/index.php\\\/anecdotes\\\/#breadcrumb\"},\"inLanguage\":\"fr-FR\",\"potentialAction\":[{\"@type\":\"ReadAction\",\"target\":[\"https:\\\/\\\/yanntrebaol.fr\\\/musicien\\\/index.php\\\/anecdotes\\\/\"]}]},{\"@type\":\"ImageObject\",\"inLanguage\":\"fr-FR\",\"@id\":\"https:\\\/\\\/yanntrebaol.fr\\\/musicien\\\/index.php\\\/anecdotes\\\/#primaryimage\",\"url\":\"https:\\\/\\\/yanntrebaol.fr\\\/musicien\\\/wp-content\\\/uploads\\\/2020\\\/12\\\/dslr-2308202_1920.jpg\",\"contentUrl\":\"https:\\\/\\\/yanntrebaol.fr\\\/musicien\\\/wp-content\\\/uploads\\\/2020\\\/12\\\/dslr-2308202_1920.jpg\",\"width\":1920,\"height\":1281},{\"@type\":\"BreadcrumbList\",\"@id\":\"https:\\\/\\\/yanntrebaol.fr\\\/musicien\\\/index.php\\\/anecdotes\\\/#breadcrumb\",\"itemListElement\":[{\"@type\":\"ListItem\",\"position\":1,\"name\":\"Accueil\",\"item\":\"https:\\\/\\\/yanntrebaol.fr\\\/musicien\\\/\"},{\"@type\":\"ListItem\",\"position\":2,\"name\":\"ANECDOTES ET HUMEURS\"}]},{\"@type\":\"WebSite\",\"@id\":\"https:\\\/\\\/yanntrebaol.fr\\\/musicien\\\/#website\",\"url\":\"https:\\\/\\\/yanntrebaol.fr\\\/musicien\\\/\",\"name\":\"Yann TREBAOL - MUSICIEN\",\"description\":\"Un Blog de partage amical de la musique\",\"potentialAction\":[{\"@type\":\"SearchAction\",\"target\":{\"@type\":\"EntryPoint\",\"urlTemplate\":\"https:\\\/\\\/yanntrebaol.fr\\\/musicien\\\/?s={search_term_string}\"},\"query-input\":{\"@type\":\"PropertyValueSpecification\",\"valueRequired\":true,\"valueName\":\"search_term_string\"}}],\"inLanguage\":\"fr-FR\"}]}<\/script>\n<!-- \/ Yoast SEO plugin. -->","yoast_head_json":{"title":"ANECDOTES ET HUMEURS - Yann TREBAOL - MUSICIEN","robots":{"index":"index","follow":"follow","max-snippet":"max-snippet:-1","max-image-preview":"max-image-preview:large","max-video-preview":"max-video-preview:-1"},"canonical":"https:\/\/yanntrebaol.fr\/musicien\/index.php\/anecdotes\/","og_locale":"fr_FR","og_type":"article","og_title":"ANECDOTES ET HUMEURS - Yann TREBAOL - MUSICIEN","og_description":"Image par www_slon_pics de Pixabay Cette rubrique devrait \u00eatre vivante et se charger au fil des mois, des r\u00e9p\u00e9titions, des enregistrements studio et des concerts bien-s\u00fbr ! Mais \u00e9galement, au fil de mes humeurs, de mes rencontres, de mes \u00e9motions. Je partagerai les petits d\u00e9tails qui peuvent rendre une journ\u00e9e formidable ou simplement vous la &hellip; Continuer la lecture de &laquo;&nbsp;ANECDOTES ET HUMEURS&nbsp;&raquo;","og_url":"https:\/\/yanntrebaol.fr\/musicien\/index.php\/anecdotes\/","og_site_name":"Yann TREBAOL - MUSICIEN","article_modified_time":"2020-12-13T07:17:52+00:00","og_image":[{"url":"http:\/\/yanntrebaol.fr\/musicien\/wp-content\/uploads\/2020\/12\/dslr-2308202_1920-1024x683.jpg","type":"","width":"","height":""}],"twitter_card":"summary_large_image","schema":{"@context":"https:\/\/schema.org","@graph":[{"@type":"WebPage","@id":"https:\/\/yanntrebaol.fr\/musicien\/index.php\/anecdotes\/","url":"https:\/\/yanntrebaol.fr\/musicien\/index.php\/anecdotes\/","name":"ANECDOTES ET HUMEURS - Yann TREBAOL - MUSICIEN","isPartOf":{"@id":"https:\/\/yanntrebaol.fr\/musicien\/#website"},"primaryImageOfPage":{"@id":"https:\/\/yanntrebaol.fr\/musicien\/index.php\/anecdotes\/#primaryimage"},"image":{"@id":"https:\/\/yanntrebaol.fr\/musicien\/index.php\/anecdotes\/#primaryimage"},"thumbnailUrl":"http:\/\/yanntrebaol.fr\/musicien\/wp-content\/uploads\/2020\/12\/dslr-2308202_1920-1024x683.jpg","datePublished":"2020-12-11T22:08:15+00:00","dateModified":"2020-12-13T07:17:52+00:00","breadcrumb":{"@id":"https:\/\/yanntrebaol.fr\/musicien\/index.php\/anecdotes\/#breadcrumb"},"inLanguage":"fr-FR","potentialAction":[{"@type":"ReadAction","target":["https:\/\/yanntrebaol.fr\/musicien\/index.php\/anecdotes\/"]}]},{"@type":"ImageObject","inLanguage":"fr-FR","@id":"https:\/\/yanntrebaol.fr\/musicien\/index.php\/anecdotes\/#primaryimage","url":"https:\/\/yanntrebaol.fr\/musicien\/wp-content\/uploads\/2020\/12\/dslr-2308202_1920.jpg","contentUrl":"https:\/\/yanntrebaol.fr\/musicien\/wp-content\/uploads\/2020\/12\/dslr-2308202_1920.jpg","width":1920,"height":1281},{"@type":"BreadcrumbList","@id":"https:\/\/yanntrebaol.fr\/musicien\/index.php\/anecdotes\/#breadcrumb","itemListElement":[{"@type":"ListItem","position":1,"name":"Accueil","item":"https:\/\/yanntrebaol.fr\/musicien\/"},{"@type":"ListItem","position":2,"name":"ANECDOTES ET HUMEURS"}]},{"@type":"WebSite","@id":"https:\/\/yanntrebaol.fr\/musicien\/#website","url":"https:\/\/yanntrebaol.fr\/musicien\/","name":"Yann TREBAOL - MUSICIEN","description":"Un Blog de partage amical de la musique","potentialAction":[{"@type":"SearchAction","target":{"@type":"EntryPoint","urlTemplate":"https:\/\/yanntrebaol.fr\/musicien\/?s={search_term_string}"},"query-input":{"@type":"PropertyValueSpecification","valueRequired":true,"valueName":"search_term_string"}}],"inLanguage":"fr-FR"}]}},"_links":{"self":[{"href":"https:\/\/yanntrebaol.fr\/musicien\/index.php\/wp-json\/wp\/v2\/pages\/474","targetHints":{"allow":["GET"]}}],"collection":[{"href":"https:\/\/yanntrebaol.fr\/musicien\/index.php\/wp-json\/wp\/v2\/pages"}],"about":[{"href":"https:\/\/yanntrebaol.fr\/musicien\/index.php\/wp-json\/wp\/v2\/types\/page"}],"author":[{"embeddable":true,"href":"https:\/\/yanntrebaol.fr\/musicien\/index.php\/wp-json\/wp\/v2\/users\/1"}],"replies":[{"embeddable":true,"href":"https:\/\/yanntrebaol.fr\/musicien\/index.php\/wp-json\/wp\/v2\/comments?post=474"}],"version-history":[{"count":5,"href":"https:\/\/yanntrebaol.fr\/musicien\/index.php\/wp-json\/wp\/v2\/pages\/474\/revisions"}],"predecessor-version":[{"id":505,"href":"https:\/\/yanntrebaol.fr\/musicien\/index.php\/wp-json\/wp\/v2\/pages\/474\/revisions\/505"}],"wp:attachment":[{"href":"https:\/\/yanntrebaol.fr\/musicien\/index.php\/wp-json\/wp\/v2\/media?parent=474"}],"curies":[{"name":"wp","href":"https:\/\/api.w.org\/{rel}","templated":true}]}}